{"id":7120,"date":"2019-11-06T16:40:18","date_gmt":"2019-11-06T15:40:18","guid":{"rendered":"https:\/\/mottattom.org\/mine\/agenda\/"},"modified":"2026-03-23T23:07:02","modified_gmt":"2026-03-23T22:07:02","slug":"agenda","status":"publish","type":"page","link":"https:\/\/mottattom.org\/en\/mine\/agenda\/","title":{"rendered":"Agenda et r\u00e9servations"},"content":{"rendered":"<section  class='av_textblock_section av-luwvmi-61e13b88ed7f28ac904f43362d57ee80 '   itemscope=\"itemscope\" itemtype=\"https:\/\/schema.org\/CreativeWork\" ><div class='avia_textblock'  itemprop=\"text\" ><h2><\/h2>\n<h2><strong>MottAttoM, grande salle \u201cLa Mine\u201d<\/strong><\/h2>\n<\/div><\/section>\n<\/div><\/div><\/div><!-- close content main div --><\/div><\/div><div class='clear'><\/div><div id='sub_menu1'  class='av-submenu-container av-kxo17e-882a1429c2c5f33bd0db01b50f286095 main_color  avia-builder-el-1  el_after_av_textblock  el_before_av_tab_section  av-sticky-submenu submenu-not-first container_wrap fullsize' style='z-index:301' ><div class='container av-menu-mobile-disabled av-submenu-pos-center'><ul id=\"menu-mine-anglais\" class=\"av-subnav-menu\" role=\"menu\"><li role=\"menuitem\" id=\"menu-item-4681\" class=\"menu-item menu-item-type-post_type menu-item-object-page menu-item-top-level menu-item-top-level-1\"><a href=\"https:\/\/mottattom.org\/en\/mine\/\" itemprop=\"url\" tabindex=\"0\"><span class=\"avia-bullet\"><\/span><span class=\"avia-menu-text\">La Mine<\/span><span class=\"avia-menu-fx\"><span class=\"avia-arrow-wrap\"><span class=\"avia-arrow\"><\/span><\/span><\/span><\/a><\/li>\n<li role=\"menuitem\" id=\"menu-item-4682\" class=\"menu-item menu-item-type-post_type menu-item-object-page menu-item-top-level menu-item-top-level-2\"><a href=\"https:\/\/mottattom.org\/en\/mine\/fiche-technique\/\" itemprop=\"url\" tabindex=\"0\"><span class=\"avia-bullet\"><\/span><span class=\"avia-menu-text\">Fiche technique<\/span><span class=\"avia-menu-fx\"><span class=\"avia-arrow-wrap\"><span class=\"avia-arrow\"><\/span><\/span><\/span><\/a><\/li>\n<li role=\"menuitem\" id=\"menu-item-4683\" class=\"menu-item menu-item-type-post_type menu-item-object-page menu-item-top-level menu-item-top-level-3\"><a href=\"https:\/\/mottattom.org\/en\/mine\/mine-photos\/\" itemprop=\"url\" tabindex=\"0\"><span class=\"avia-bullet\"><\/span><span class=\"avia-menu-text\">Photos<\/span><span class=\"avia-menu-fx\"><span class=\"avia-arrow-wrap\"><span class=\"avia-arrow\"><\/span><\/span><\/span><\/a><\/li>\n<li role=\"menuitem\" id=\"menu-item-7146\" class=\"menu-item menu-item-type-post_type menu-item-object-page menu-item-top-level menu-item-top-level-4\"><a href=\"https:\/\/mottattom.org\/en\/mine\/videos\/\" itemprop=\"url\" tabindex=\"0\"><span class=\"avia-bullet\"><\/span><span class=\"avia-menu-text\">Vid\u00e9os<\/span><span class=\"avia-menu-fx\"><span class=\"avia-arrow-wrap\"><span class=\"avia-arrow\"><\/span><\/span><\/span><\/a><\/li>\n<li role=\"menuitem\" id=\"menu-item-4684\" class=\"menu-item menu-item-type-post_type menu-item-object-page menu-item-top-level menu-item-top-level-5\"><a href=\"https:\/\/mottattom.org\/en\/mine\/mine-conditions\/\" itemprop=\"url\" tabindex=\"0\"><span class=\"avia-bullet\"><\/span><span class=\"avia-menu-text\">Conditions<\/span><span class=\"avia-menu-fx\"><span class=\"avia-arrow-wrap\"><span class=\"avia-arrow\"><\/span><\/span><\/span><\/a><\/li>\n<li role=\"menuitem\" id=\"menu-item-4685\" class=\"menu-item menu-item-type-post_type menu-item-object-page menu-item-top-level menu-item-top-level-6\"><a href=\"https:\/\/mottattom.org\/en\/mine\/mine-tarifs\/\" itemprop=\"url\" tabindex=\"0\"><span class=\"avia-bullet\"><\/span><span class=\"avia-menu-text\">Tarifs<\/span><span class=\"avia-menu-fx\"><span class=\"avia-arrow-wrap\"><span class=\"avia-arrow\"><\/span><\/span><\/span><\/a><\/li>\n<li role=\"menuitem\" id=\"menu-item-7147\" class=\"menu-item menu-item-type-post_type menu-item-object-page menu-item-top-level menu-item-top-level-7\"><a href=\"https:\/\/mottattom.org\/en\/mine\/agenda\/\" itemprop=\"url\" tabindex=\"0\"><span class=\"avia-bullet\"><\/span><span class=\"avia-menu-text\">Agenda et r\u00e9servations<\/span><span class=\"avia-menu-fx\"><span class=\"avia-arrow-wrap\"><span class=\"avia-arrow\"><\/span><\/span><\/span><\/a><\/li>\n<\/ul><\/div><\/div><div class='sticky_placeholder'><\/div>\n\n<style type=\"text\/css\" data-created_by=\"avia_inline_auto\" id=\"style-css-av-me7rknht-6bea5e1428e5be7421108ab69f7e2698\">\n#top .av-tab-section-outer-container.av-me7rknht-6bea5e1428e5be7421108ab69f7e2698 .av-active-tab-title.av-section-tab-title{\ncolor:#e08600;\n}\n#top .av-tab-section-outer-container.av-me7rknht-6bea5e1428e5be7421108ab69f7e2698 .av-section-tab-title:hover{\ncolor:#a01414;\n}\n<\/style>\n<div id='av-tab-section-1'  class='av-tab-section-container entry-content-wrapper main_color av-tab-slide-transition av-tab-content-auto  av-tab-above-content  avia-builder-el-2  el_after_av_submenu  el_before_av_textblock  tab-section-not-first container_wrap fullsize'  ><div class='av-tab-section-outer-container av-me7rknht-6bea5e1428e5be7421108ab69f7e2698'><div class='av-tab-section-tab-title-container avia-tab-title-padding-none' role='tablist'><a href='#agenda' data-av-tab-section-title='1' class='av-section-tab-title av-active-tab-title no-scroll av-me7r4d5i-21467c0d8444bc2558ca444d0504dc15 av-tab-with-icon av-tab-no-image ' role='tab' tabindex='0' aria-controls='av-tab-section-1-1'><span class='av-tab-section-icon avia-iconfont avia-font-entypo-fontello' data-av_icon='\ue85b' data-av_iconfont='entypo-fontello' ><\/span><span class='av-outer-tab-title'><span class='av-inner-tab-title'>AGENDA<\/span><\/span><span class=\"av-tab-arrow-container\"><span><\/span><\/span><\/a><a href='#rservation' data-av-tab-section-title='2' class='av-section-tab-title  av-me7r634q-4b0998594d5096bdb5ee03deacfe6c31 av-tab-with-icon av-tab-no-image ' role='tab' tabindex='0' aria-controls='av-tab-section-1-2'><span class='av-tab-section-icon avia-iconfont avia-font-entypo-fontello' data-av_icon='\ue8a5' data-av_iconfont='entypo-fontello' ><\/span><span class='av-outer-tab-title'><span class='av-inner-tab-title'>r\u00e9servation<\/span><\/span><span class=\"av-tab-arrow-container\"><span><\/span><\/span><\/a><a href='#autres-studios' data-av-tab-section-title='3' class='av-section-tab-title  av-me7r8d00-9747f2302687a538efe2f97e1ff091dc av-tab-with-icon av-tab-no-image ' role='tab' tabindex='0' aria-controls='av-tab-section-1-3'><span class='av-tab-section-icon avia-iconfont avia-font-entypo-fontello' data-av_icon='\ue864' data-av_iconfont='entypo-fontello' ><\/span><span class='av-outer-tab-title'><span class='av-inner-tab-title'>autres studios<\/span><\/span><span class=\"av-tab-arrow-container\"><span><\/span><\/span><\/a><\/div><div class='avia-slideshow-arrows av-tabsection-arrow' ><a href='#prev' class='prev-slide av_prev_tab_section av-tab-section-slide avia-svg-icon avia-font-svg_entypo-fontello' data-av_svg_icon='left-open-big' data-av_iconset='svg_entypo-fontello' tabindex='-1' title=\"Previous\"><svg version=\"1.1\" xmlns=\"http:\/\/www.w3.org\/2000\/svg\" width=\"15\" height=\"32\" viewBox=\"0 0 15 32\" preserveAspectRatio=\"xMidYMid meet\" aria-labelledby='av-svg-title-1' aria-describedby='av-svg-desc-1' role=\"graphics-symbol\" aria-hidden=\"true\">\n<title id='av-svg-title-1'>Previous<\/title>\n<desc id='av-svg-desc-1'>Previous<\/desc>\n<path d=\"M14.464 27.84q0.832 0.832 0 1.536-0.832 0.832-1.536 0l-12.544-12.608q-0.768-0.768 0-1.6l12.544-12.608q0.704-0.832 1.536 0 0.832 0.704 0 1.536l-11.456 11.904z\"><\/path>\n<\/svg><span class='avia_hidden_link_text'>Previous<\/span><\/a><a href='#next' class='next-slide av_next_tab_section av-tab-section-slide avia-svg-icon avia-font-svg_entypo-fontello' data-av_svg_icon='right-open-big' data-av_iconset='svg_entypo-fontello' tabindex='-1' title=\"Next\"><svg version=\"1.1\" xmlns=\"http:\/\/www.w3.org\/2000\/svg\" width=\"15\" height=\"32\" viewBox=\"0 0 15 32\" preserveAspectRatio=\"xMidYMid meet\" aria-labelledby='av-svg-title-2' aria-describedby='av-svg-desc-2' role=\"graphics-symbol\" aria-hidden=\"true\">\n<title id='av-svg-title-2'>Next<\/title>\n<desc id='av-svg-desc-2'>Next<\/desc>\n<path d=\"M0.416 27.84l11.456-11.84-11.456-11.904q-0.832-0.832 0-1.536 0.832-0.832 1.536 0l12.544 12.608q0.768 0.832 0 1.6l-12.544 12.608q-0.704 0.832-1.536 0-0.832-0.704 0-1.536z\"><\/path>\n<\/svg><span class='avia_hidden_link_text'>Next<\/span><\/a><\/div><div class='av-tab-section-inner-container avia-section-no-padding' style='width:300vw; left:0%;'><span class=\"av_prev_tab_section av_tab_navigation\"><\/span><span class=\"av_next_tab_section av_tab_navigation\"><\/span>\n\n<style type=\"text\/css\" data-created_by=\"avia_inline_auto\" id=\"style-css-av-me7r4d5i-21467c0d8444bc2558ca444d0504dc15\">\n.av-layout-tab.av-me7r4d5i-21467c0d8444bc2558ca444d0504dc15{\nvertical-align:top;\n}\n<\/style>\n<div id='av-tab-section-1-1' class='av-layout-tab av-me7r4d5i-21467c0d8444bc2558ca444d0504dc15 av-animation-delay-container  avia-builder-el-3  el_before_av_tab_sub_section  avia-builder-el-first  av-active-tab-content __av_init_open ' data-av-deeplink-tabs=\"\" data-av-tab-section-content=\"1\" data-tab-section-id=\"agenda\"><div class=\"av-layout-tab-inner\"><div class=\"container\"><section  class='av_textblock_section av-dovj3e-21ce70359f7df7ce93f66b0533e9fdf6 '   itemscope=\"itemscope\" itemtype=\"https:\/\/schema.org\/CreativeWork\" ><div class='avia_textblock'  itemprop=\"text\" ><p>Les plages <strong>OCCUPE <\/strong>sont les <strong>r\u00e9servations (CONFIRMEES OU EN ATTENTE), ou des maintenances, donc :\u00a0<\/strong><\/p>\n<p style=\"text-align: center;\"><strong>n&#8217;h\u00e9sitez pas \u00e0 nous soumettre votre demande, car il peut toujours y avoir des d\u00e9sistements (le plus souvent \u00e0 long terme)&#8230;<\/strong><\/p>\n<p>Les demandes se font\u00a0au moyen du <a href=\"#reservation\">formulaire de r\u00e9servation <\/a>.<\/p>\n<div class=\"av-special-heading av-mmtta05u-86b4310e8495d32fe84b18cffd3f7c88 av-special-heading-h1 blockquote modern-quote avia-builder-el-5 el_before_av_textblock avia-builder-el-first \">\n<h4 class=\"av-special-heading-tag \"><u>IMPORTANT<\/u><\/h4>\n<\/div>\n<section class=\"av_textblock_section av-mmu9bxs5-464b0a9889b2a94e431442d229cd4c54 \">\n<div class=\"avia_textblock\" >\n<h3 ><strong style=\"color: red;\">\u00e0 partir de juillet 2026, il ne sera plus possible de louer la Mine (voir communiqu\u00e9 page d&#8217;accueil)<\/strong><\/h3>\n<\/div>\n<\/section>\n<p><iframe loading=\"lazy\" style=\"border: solid 1px #777;\" src=\"https:\/\/calendar.google.com\/calendar\/embed?height=600&amp;wkst=2&amp;ctz=Europe%2FZurich&amp;showTitle=0&amp;src=bW90dGFsYW1pbmVAZ21haWwuY29t&amp;src=NWFlYmIxYzU4NzQzMjEyNDk0MDM4OWUyMTEwYTcyYzlmNGEyMWM0MzlkMzY2NWZlZTFjNzMxODBiYzkxNGY1ZUBncm91cC5jYWxlbmRhci5nb29nbGUuY29t&amp;src=aXVxZ284Nmw2c2Q5ZzVqdXR0anZwbDY3c3NAZ3JvdXAuY2FsZW5kYXIuZ29vZ2xlLmNvbQ&amp;src=ZDAxYzA5ZDk5NDZjYWQwNTJkZmEwMDFiOTIzNDVjMDQyOTZkYjllNDZjNmE3NTY1MWYwNWNjM2Y2YzI5NDgzZkBncm91cC5jYWxlbmRhci5nb29nbGUuY29t&amp;src=MGNqOWdodWdicXR2bTQ4dTRnazZtczBqbWdAZ3JvdXAuY2FsZW5kYXIuZ29vZ2xlLmNvbQ&amp;src=ZmZhMjVmMTRkNWRjMGY4MzFhZmY4YzM3NGQ2ZmY4YTc3MTZkN2MyNWExZDVkMmMwYTg0NDQ0YzJlMzZjMWUzM0Bncm91cC5jYWxlbmRhci5nb29nbGUuY29t&amp;src=Y211N2pmM2FpZzd0cGV0ajdqOWQ5NDQ3NG9AZ3JvdXAuY2FsZW5kYXIuZ29vZ2xlLmNvbQ&amp;src=NzY5ZTFlN2VjNWUyNWU1ZTY1MTBjZjliM2U0N2M0NTMyODI4NjcyYjA3NTVkMGM2YjFhNzE2YTE4MDc4Zjk5Y0Bncm91cC5jYWxlbmRhci5nb29nbGUuY29t&amp;color=%2300ff88&amp;color=%238e24aa&amp;color=%23f4511e&amp;color=%23f4511e&amp;color=%23f09300&amp;color=%237cb342&amp;color=%230b8043&amp;color=%23a79b8e\" width=\"100%\" height=\"600\" frameborder=\"0\" scrolling=\"no\"><\/iframe><\/p>\n<\/div><\/section>\n<\/div><\/div><\/div>\n<style type=\"text\/css\" data-created_by=\"avia_inline_auto\" id=\"style-css-av-me7r634q-4b0998594d5096bdb5ee03deacfe6c31\">\n.av-layout-tab.av-me7r634q-4b0998594d5096bdb5ee03deacfe6c31{\nvertical-align:top;\n}\n<\/style>\n<div id='av-tab-section-1-2' class='av-layout-tab av-me7r634q-4b0998594d5096bdb5ee03deacfe6c31 av-animation-delay-container  avia-builder-el-5  el_after_av_tab_sub_section  el_before_av_tab_sub_section  ' data-av-deeplink-tabs=\"reservation\" data-av-tab-section-content=\"2\" data-tab-section-id=\"rservation\"><div class=\"av-layout-tab-inner\"><div class=\"container\"><p><div  class='flex_column av-c9vbp6-87c3b816f487727cec264f5753477325 av_one_fifth  avia-builder-el-6  el_before_av_three_fifth  avia-builder-el-first  first flex_column_div  '     ><section  class='av_textblock_section av-mmyuk57b-b3b942ee973c3dd4d8d672af505b066d '   itemscope=\"itemscope\" itemtype=\"https:\/\/schema.org\/CreativeWork\" ><div class='avia_textblock'  itemprop=\"text\" ><div class=\"av-special-heading av-mmtta05u-86b4310e8495d32fe84b18cffd3f7c88 av-special-heading-h1 blockquote modern-quote  avia-builder-el-5  el_before_av_textblock  avia-builder-el-first \">\n<h4 class=\"av-special-heading-tag \"><u>COMMUNIQU\u00c9<\/u><\/h4>\n<\/div>\n<section class=\"av_textblock_section av-mmu9bxs5-464b0a9889b2a94e431442d229cd4c54 \">\n<div class=\"avia_textblock\">\n<p>\u00e0 partir de juillet 2026, il ne sera plus possible de louer la Mine (voir communiqu\u00e9 page d&#8217;accueil)<\/p>\n<\/div>\n<\/section>\n<\/div><\/section><\/div><div  class='flex_column av-b77ne2-994e1641a5208b08683da23168f6a0d9 av_three_fifth  avia-builder-el-8  el_after_av_one_fifth  el_before_av_one_fifth  flex_column_div  '     ><div  class='avia-button-wrap avia-button-center  avia-builder-el-9  avia-builder-el-no-sibling '>\n<style type=\"text\/css\" data-created_by=\"avia_inline_auto\" id=\"style-css-av-mebccrdk-136b8fca656bdc0f8d8ee0439f0fae6c\">\n#top #wrap_all .avia-button.av-mebccrdk-136b8fca656bdc0f8d8ee0439f0fae6c:hover{\ncolor:white;\ntransition:all 0.4s ease-in-out;\n}\n#top #wrap_all .avia-button.av-mebccrdk-136b8fca656bdc0f8d8ee0439f0fae6c:hover .avia-svg-icon svg:first-child{\nfill:white;\nstroke:white;\n}\n<\/style>\n<a href='https:\/\/docs.google.com\/forms\/d\/e\/1FAIpQLSfZiNyepzcE8KisiEpa50RdEN6cDQyZG7Wkuifu-3SXjF87Wg\/viewform' class='avia-color-theme-color avia-font-color-theme-color avia-button avia-button-fullwidth av-mebccrdk-136b8fca656bdc0f8d8ee0439f0fae6c avia-icon_select-yes-left-icon avia-color-theme-color'  target=\"_blank\"  rel=\"noopener noreferrer\"  aria-label=\"FORMULAIRE DE RESERVATION\"><span class='avia_button_icon avia_button_icon_left avia-iconfont avia-font-entypo-fontello' data-av_icon='\ue8a5' data-av_iconfont='entypo-fontello' ><\/span><span class='avia_iconbox_title' >FORMULAIRE DE RESERVATION<\/span><span class='avia_button_background avia-button avia-button-fullwidth avia-color-theme-color-highlight'><\/span><\/a><\/div><\/div><div  class='flex_column av-39i22-1d9552a91d1c2071518f9b755ca2b635 av_one_fifth  avia-builder-el-10  el_after_av_three_fifth  avia-builder-el-last  flex_column_div  '     ><section  class='av_textblock_section av-709eoa-3856cd940cd437e6ea770f0fe16ea704 '   itemscope=\"itemscope\" itemtype=\"https:\/\/schema.org\/CreativeWork\" ><div class='avia_textblock'  itemprop=\"text\" ><p style=\"text-align: center;\"><strong>* <\/strong>les <strong>conditions <\/strong>et <strong>caract\u00e9ristiques<\/strong> de la salle sont d\u00e9crites dans\u00a0<a href=\"http:\/\/mottattom.org\/mine\/\" target=\"_blank\" rel=\"noopener noreferrer\">pr\u00e9sentation<\/a>, <a href=\"http:\/\/mottattom.org\/mine\/fiche-technique\/\" target=\"_blank\" rel=\"noopener noreferrer\">fiche technique<\/a>,\u00a0<a href=\"http:\/\/mottattom.org\/mine\/mine-conditions\/\" target=\"_blank\" rel=\"noopener noreferrer\">conditions<\/a>\u00a0 \u00a0et\u00a0 \u00a0<a href=\"http:\/\/mottattom.org\/mine\/mine-tarifs\/\" target=\"_blank\" rel=\"noopener noreferrer\">tarifs<\/a><\/p>\n<\/div><\/section><\/div><\/p>\n<\/div><\/div><\/div>\n<style type=\"text\/css\" data-created_by=\"avia_inline_auto\" id=\"style-css-av-me7r8d00-9747f2302687a538efe2f97e1ff091dc\">\n.av-layout-tab.av-me7r8d00-9747f2302687a538efe2f97e1ff091dc{\nvertical-align:top;\n}\n<\/style>\n<div id='av-tab-section-1-3' class='av-layout-tab av-me7r8d00-9747f2302687a538efe2f97e1ff091dc av-animation-delay-container  avia-builder-el-12  el_after_av_tab_sub_section  avia-builder-el-last  ' data-av-deeplink-tabs=\"\" data-av-tab-section-content=\"3\" data-tab-section-id=\"autres-studios\"><div class=\"av-layout-tab-inner\"><div class=\"container\"><p><div  class='flex_column av-54l2ca-8f4df5cdb94a77bcc5758c2ac5296375 av_one_fourth  avia-builder-el-13  el_before_av_one_half  avia-builder-el-first  first flex_column_div  '     ><\/div><div  class='flex_column av-4xh5dm-4daeef9d94081def50a7c21ffd21d577 av_one_half  avia-builder-el-14  el_after_av_one_fourth  el_before_av_one_fourth  flex_column_div  '     ><\/div><div  class='flex_column av-2a45ey-7fd3214ba7c9e2bf28f72b9e28b6a254 av_one_fourth  avia-builder-el-16  el_after_av_one_half  avia-builder-el-last  flex_column_div  '     ><\/div><\/p>\n<\/div><\/div><\/div><\/div><\/div><\/div><div id='after_tab_section_1'  class='main_color av_default_container_wrap container_wrap fullsize'  ><div class='container av-section-cont-open' ><div class='template-page content  av-content-full alpha units'><div class='post-entry post-entry-type-page post-entry-7120'><div class='entry-content-wrapper clearfix'><section  class='av_textblock_section av-31y5y2-e137858256b6e5a3d9754a980d2996c0 '   itemscope=\"itemscope\" itemtype=\"https:\/\/schema.org\/CreativeWork\" ><div class='avia_textblock'  itemprop=\"text\" ><p style=\"text-align: center;\"><strong>* <\/strong>les <strong>conditions <\/strong>et <strong>caract\u00e9ristiques<\/strong> de la salle sont d\u00e9crites dans\u00a0<a href=\"http:\/\/mottattom.org\/mine\/\" target=\"_blank\" rel=\"noopener noreferrer\">pr\u00e9sentation<\/a>, <a href=\"http:\/\/mottattom.org\/mine\/fiche-technique\/\" target=\"_blank\" rel=\"noopener noreferrer\">fiche technique<\/a>,\u00a0<a href=\"http:\/\/mottattom.org\/mine\/mine-conditions\/\" target=\"_blank\" rel=\"noopener noreferrer\">conditions<\/a>\u00a0 \u00a0et\u00a0 \u00a0<a href=\"http:\/\/mottattom.org\/mine\/mine-tarifs\/\" target=\"_blank\" rel=\"noopener noreferrer\">tarifs<\/a><\/p>\n<\/div><\/section><\/p>\n","protected":false},"excerpt":{"rendered":"","protected":false},"author":4,"featured_media":0,"parent":1605,"menu_order":0,"comment_status":"closed","ping_status":"closed","template":"","meta":{"footnotes":"","schedule_terms":[]},"class_list":["post-7120","page","type-page","status-publish","hentry"],"_links":{"self":[{"href":"https:\/\/mottattom.org\/en\/wp-json\/wp\/v2\/pages\/7120","targetHints":{"allow":["GET"]}}],"collection":[{"href":"https:\/\/mottattom.org\/en\/wp-json\/wp\/v2\/pages"}],"about":[{"href":"https:\/\/mottattom.org\/en\/wp-json\/wp\/v2\/types\/page"}],"author":[{"embeddable":true,"href":"https:\/\/mottattom.org\/en\/wp-json\/wp\/v2\/users\/4"}],"replies":[{"embeddable":true,"href":"https:\/\/mottattom.org\/en\/wp-json\/wp\/v2\/comments?post=7120"}],"version-history":[{"count":39,"href":"https:\/\/mottattom.org\/en\/wp-json\/wp\/v2\/pages\/7120\/revisions"}],"predecessor-version":[{"id":8493,"href":"https:\/\/mottattom.org\/en\/wp-json\/wp\/v2\/pages\/7120\/revisions\/8493"}],"up":[{"embeddable":true,"href":"https:\/\/mottattom.org\/en\/wp-json\/wp\/v2\/pages\/1605"}],"wp:attachment":[{"href":"https:\/\/mottattom.org\/en\/wp-json\/wp\/v2\/media?parent=7120"}],"curies":[{"name":"wp","href":"https:\/\/api.w.org\/{rel}","templated":true}]}}