{"id":3290,"date":"2020-11-25T11:55:40","date_gmt":"2020-11-25T10:55:40","guid":{"rendered":"http:\/\/mottattom.org\/presse\/"},"modified":"2020-11-25T12:19:39","modified_gmt":"2020-11-25T11:19:39","slug":"presse","status":"publish","type":"page","link":"https:\/\/mottattom.org\/en\/presse\/","title":{"rendered":"Presse"},"content":{"rendered":"<h3>PRESS REVIEW<\/h3>\n<p>&nbsp;<\/p>\n<p><strong>Katya Berger, Georges Cabrera<\/strong>, <em>&#8220;Dans les coulisses d\u2019une cr\u00e9ation th\u00e9\u00e2trale\u00a01\/4Trois com\u00e9diens \u00e0 table pour une\u00a0premi\u00e8re mise en bouche&#8221;,\u00a0<\/em>in Tribune de Gen\u00e8ve, 16.10.2020.<\/p>\n<p><a href=\"https:\/\/www.salvaje-opuslunacie.ch\/wp-content\/uploads\/2020\/11\/Article-1-Tribune.pdf\">Lire l&#8217;article (.pdf)<\/a><\/p>\n<p><a href=\"https:\/\/www.tdg.ch\/trois-comediens-a-table-pour-une-premiere-mise-en-bouche-282150773385\">Voir la vid\u00e9o<\/a><\/p>\n<p>&nbsp;<\/p>\n<p><strong>Katia Berger<\/strong>, <em>&#8221;\u00a0Dans les coulisses d\u2019une cr\u00e9ation th\u00e9\u00e2trale 2 \/4 \u00c0 MottAttoM, le g\u00eete rural du futur prend\u00a0forme&#8221;,<\/em> in Tribune de Gen\u00e8ve, 06.11.2020.<\/p>\n<p><a href=\"https:\/\/www.salvaje-opuslunacie.ch\/wp-content\/uploads\/2020\/11\/Article-2-Tribune.pdf\">Lire l&#8217;article (.pdf)<\/a><\/p>\n<p><a href=\"https:\/\/www.tdg.ch\/a-mottattom-le-gite-rural-du-futur-prend-forme-692013593831\">Voir la vid\u00e9o<\/a><\/p>\n","protected":false},"excerpt":{"rendered":"<p>PRESS REVIEW &nbsp; Katya Berger, Georges Cabrera, &#8220;Dans les coulisses d\u2019une cr\u00e9ation th\u00e9\u00e2trale\u00a01\/4Trois com\u00e9diens \u00e0 table pour une\u00a0premi\u00e8re mise en bouche&#8221;,\u00a0in Tribune de Gen\u00e8ve, 16.10.2020. Lire l&#8217;article (.pdf) Voir la vid\u00e9o &nbsp; Katia Berger, &#8221;\u00a0Dans les coulisses d\u2019une cr\u00e9ation th\u00e9\u00e2trale 2 \/4 \u00c0 MottAttoM, le g\u00eete rural du futur prend\u00a0forme&#8221;, in Tribune de Gen\u00e8ve, 06.11.2020. [&hellip;]<\/p>\n","protected":false},"author":6,"featured_media":0,"parent":0,"menu_order":0,"comment_status":"closed","ping_status":"closed","template":"","meta":{"footnotes":"","schedule_terms":[]},"class_list":["post-3290","page","type-page","status-publish","hentry"],"_links":{"self":[{"href":"https:\/\/mottattom.org\/en\/wp-json\/wp\/v2\/pages\/3290","targetHints":{"allow":["GET"]}}],"collection":[{"href":"https:\/\/mottattom.org\/en\/wp-json\/wp\/v2\/pages"}],"about":[{"href":"https:\/\/mottattom.org\/en\/wp-json\/wp\/v2\/types\/page"}],"author":[{"embeddable":true,"href":"https:\/\/mottattom.org\/en\/wp-json\/wp\/v2\/users\/6"}],"replies":[{"embeddable":true,"href":"https:\/\/mottattom.org\/en\/wp-json\/wp\/v2\/comments?post=3290"}],"version-history":[{"count":2,"href":"https:\/\/mottattom.org\/en\/wp-json\/wp\/v2\/pages\/3290\/revisions"}],"predecessor-version":[{"id":3294,"href":"https:\/\/mottattom.org\/en\/wp-json\/wp\/v2\/pages\/3290\/revisions\/3294"}],"wp:attachment":[{"href":"https:\/\/mottattom.org\/en\/wp-json\/wp\/v2\/media?parent=3290"}],"curies":[{"name":"wp","href":"https:\/\/api.w.org\/{rel}","templated":true}]}}