{"id":1610,"date":"2018-12-14T18:25:16","date_gmt":"2018-12-14T17:25:16","guid":{"rendered":"http:\/\/mottattom.org\/?page_id=1610\/"},"modified":"2025-08-14T18:39:26","modified_gmt":"2025-08-14T16:39:26","slug":"mine-conditions","status":"publish","type":"page","link":"https:\/\/mottattom.org\/en\/mine\/mine-conditions\/","title":{"rendered":"Conditions"},"content":{"rendered":"<section  class='av_textblock_section av-8kdxfo-e2dbc2b7ff40a4ac5cb8b3fb165f7623 '   itemscope=\"itemscope\" itemtype=\"https:\/\/schema.org\/CreativeWork\" ><div class='avia_textblock'  itemprop=\"text\" ><h2><\/h2>\n<h2><strong>MottAttoM, grande salle \u201cLa Mine\u201d<\/strong><\/h2>\n<\/div><\/section>\n<\/div><\/div><\/div><!-- close content main div --><\/div><\/div><div class='clear'><\/div><div id='sub_menu1'  class='av-submenu-container av-85ob2s-8d9ae92443168f65862678186884de8a main_color  avia-builder-el-1  el_after_av_textblock  el_before_av_textblock  av-sticky-submenu submenu-not-first container_wrap fullsize' style='z-index:301' ><div class='container av-menu-mobile-disabled av-submenu-pos-center'><ul id=\"menu-mine-anglais\" class=\"av-subnav-menu\" role=\"menu\"><li role=\"menuitem\" id=\"menu-item-4681\" class=\"menu-item menu-item-type-post_type menu-item-object-page menu-item-top-level menu-item-top-level-1\"><a href=\"https:\/\/mottattom.org\/en\/mine\/\" itemprop=\"url\" tabindex=\"0\"><span class=\"avia-bullet\"><\/span><span class=\"avia-menu-text\">La Mine<\/span><span class=\"avia-menu-fx\"><span class=\"avia-arrow-wrap\"><span class=\"avia-arrow\"><\/span><\/span><\/span><\/a><\/li>\n<li role=\"menuitem\" id=\"menu-item-4682\" class=\"menu-item menu-item-type-post_type menu-item-object-page menu-item-top-level menu-item-top-level-2\"><a href=\"https:\/\/mottattom.org\/en\/mine\/fiche-technique\/\" itemprop=\"url\" tabindex=\"0\"><span class=\"avia-bullet\"><\/span><span class=\"avia-menu-text\">Fiche technique<\/span><span class=\"avia-menu-fx\"><span class=\"avia-arrow-wrap\"><span class=\"avia-arrow\"><\/span><\/span><\/span><\/a><\/li>\n<li role=\"menuitem\" id=\"menu-item-4683\" class=\"menu-item menu-item-type-post_type menu-item-object-page menu-item-top-level menu-item-top-level-3\"><a href=\"https:\/\/mottattom.org\/en\/mine\/mine-photos\/\" itemprop=\"url\" tabindex=\"0\"><span class=\"avia-bullet\"><\/span><span class=\"avia-menu-text\">Photos<\/span><span class=\"avia-menu-fx\"><span class=\"avia-arrow-wrap\"><span class=\"avia-arrow\"><\/span><\/span><\/span><\/a><\/li>\n<li role=\"menuitem\" id=\"menu-item-7146\" class=\"menu-item menu-item-type-post_type menu-item-object-page menu-item-top-level menu-item-top-level-4\"><a href=\"https:\/\/mottattom.org\/en\/mine\/videos\/\" itemprop=\"url\" tabindex=\"0\"><span class=\"avia-bullet\"><\/span><span class=\"avia-menu-text\">Vid\u00e9os<\/span><span class=\"avia-menu-fx\"><span class=\"avia-arrow-wrap\"><span class=\"avia-arrow\"><\/span><\/span><\/span><\/a><\/li>\n<li role=\"menuitem\" id=\"menu-item-4684\" class=\"menu-item menu-item-type-post_type menu-item-object-page menu-item-top-level menu-item-top-level-5\"><a href=\"https:\/\/mottattom.org\/en\/mine\/mine-conditions\/\" itemprop=\"url\" tabindex=\"0\"><span class=\"avia-bullet\"><\/span><span class=\"avia-menu-text\">Conditions<\/span><span class=\"avia-menu-fx\"><span class=\"avia-arrow-wrap\"><span class=\"avia-arrow\"><\/span><\/span><\/span><\/a><\/li>\n<li role=\"menuitem\" id=\"menu-item-4685\" class=\"menu-item menu-item-type-post_type menu-item-object-page menu-item-top-level menu-item-top-level-6\"><a href=\"https:\/\/mottattom.org\/en\/mine\/mine-tarifs\/\" itemprop=\"url\" tabindex=\"0\"><span class=\"avia-bullet\"><\/span><span class=\"avia-menu-text\">Tarifs<\/span><span class=\"avia-menu-fx\"><span class=\"avia-arrow-wrap\"><span class=\"avia-arrow\"><\/span><\/span><\/span><\/a><\/li>\n<li role=\"menuitem\" id=\"menu-item-7147\" class=\"menu-item menu-item-type-post_type menu-item-object-page menu-item-top-level menu-item-top-level-7\"><a href=\"https:\/\/mottattom.org\/en\/mine\/agenda\/\" itemprop=\"url\" tabindex=\"0\"><span class=\"avia-bullet\"><\/span><span class=\"avia-menu-text\">Agenda et r\u00e9servations<\/span><span class=\"avia-menu-fx\"><span class=\"avia-arrow-wrap\"><span class=\"avia-arrow\"><\/span><\/span><\/span><\/a><\/li>\n<\/ul><\/div><\/div><div class='sticky_placeholder'><\/div><div id='after_submenu_1'  class='main_color av_default_container_wrap container_wrap fullsize'  ><div class='container av-section-cont-open' ><div class='template-page content  av-content-full alpha units'><div class='post-entry post-entry-type-page post-entry-1610'><div class='entry-content-wrapper clearfix'>\n<section  class='av_textblock_section av-1vu5w4-c305c52dac7ab6c29aa6c9066fc32dce '   itemscope=\"itemscope\" itemtype=\"https:\/\/schema.org\/CreativeWork\" ><div class='avia_textblock'  itemprop=\"text\" ><div class=\"content\">\n<div class=\"field field-name-field-publication field-type-text-with-summary field-label-hidden\">\n<div class=\"field-items\">\n<div class=\"field-item even\">\n<h2><u><strong>Conditions<\/strong><\/u><\/h2>\n<p>Les <strong>r\u00e9servations<\/strong> se font en consultant <a href=\"http:\/\/mottattom.org\/mine\/agenda\" target=\"_blank\" rel=\"noopener noreferrer\">l&#8217;agenda <\/a>et via le <a href=\"http:\/\/mottattom.org\/mine\/agenda\/#reservation\" target=\"_blank\" rel=\"noopener noreferrer\">formulaire<\/a>.<\/p>\n<p>Pour qu&#8217;une r\u00e9servation soit <strong>effective <\/strong>:<\/p>\n<ul>\n<li>le contrat doit \u00eatre sign\u00e9 <em>(\u00e9mis en principe d\u00e8s la r\u00e9servation)<\/em><\/li>\n<li>les arrhes vers\u00e9es <em>(1\/3 du montant convenu, \u00e0 verser selon conditions ci-dessous)<\/em><\/li>\n<li>une <a href=\"https:\/\/mottattom.org\/en\/a-propos-de-lassurance-responsabilite-civile\/\"><strong>copie de certificat d&#8217;assurance RC professionnelle<\/strong><\/a><em> (couvrant les activit\u00e9s dans des locaux lou\u00e9s)<\/em> doit nous \u00eatre fournie<em> (voir <a href=\"https:\/\/mottattom.org\/en\/a-propos-de-lassurance-responsabilite-civile\/\">explications<\/a>)<\/em>.<\/li>\n<\/ul>\n<p><strong>D\u00e9dite <\/strong>:<\/p>\n<ul>\n<li>Jusqu\u2019\u00e0 trente jours avant le d\u00e9but du pr\u00eat, les arrhes sont dues,<\/li>\n<li>Jusqu\u2019\u00e0 20 jours avant le d\u00e9but du pr\u00eat, les 50% des frais convenus sont dus,<\/li>\n<li>Moins de 10 jours avant le d\u00e9but du pr\u00eat, la totalit\u00e9 de la somme convenue est due.<\/li>\n<\/ul>\n<p>La salle est remise propre, fonctionnelle\u00a0et sans intendance. En cas de probl\u00e8me \u00e0 l&#8217;usage, une assistance est disponible sous toutes r\u00e9serves.<\/p>\n<ul>\n<li><a href=\"https:\/\/docs.google.com\/document\/d\/e\/2PACX-1vRM6tVUBlaB9tuoHZvfsM71xNSr3GJN_vfBZy289ItsIjx3s_tbhsLC9nlS25ISrj2oxTA0x6cIXb3r\/pub\" target=\"_blank\" rel=\"noopener noreferrer\">R\u00e8glement<\/a><\/li>\n<li><a href=\"https:\/\/drive.google.com\/open?id=1beX4fkhZqrk9aKtcMk5snIpp5qv8OcS5\" target=\"_blank\" rel=\"noopener noreferrer\">mod\u00e8le de contrat<\/a><\/li>\n<li>informations compl\u00e9mentaires :\u00a0<a href=\"mailto:mottalamine@gmail.com\" target=\"_blank\" rel=\"noopener noreferrer\">mottalamine@gmail.com<\/a><\/li>\n<\/ul>\n<p>RAPPELS IMPORTANTS :<\/p>\n<ul>\n<li>L&#8217;enveloppe de la salle est ancienne et rudimentaire : baies vitr\u00e9es tr\u00e8s fines, toiture en t\u00f4le&#8230; D\u00e8s lors les \u00e9carts de temp\u00e9rature peuvent \u00eatre importants, et le silence n&#8217;est en g\u00e9n\u00e9ral pas possible (la t\u00f4le se dilate, est un terrain de jeux pour les corneilles et la pluie exprime ses plus belles symphonies&#8230;).<br \/>\nLa salle\u00a0peut donc ne pas convenir \u00e0 certaines exigences.<\/li>\n<li>la salle n&#8217;est pas lou\u00e9e, en vertu\u00a0du contrat de pr\u00eat \u00e0 usage liant la f\u00e9d\u00e9ration \u00e0 la Ville de Gen\u00e8ve. La facturation couvre uniquement les charges g\u00e9n\u00e9rales, administratives et de maintenance.<\/li>\n<li><strong>L&#8217;utilisation de mat\u00e9riel technique, celui de la salle ou apport\u00e9 de l&#8217;ext\u00e9rieur, ainsi que l&#8217;appel \u00e0 des prestataires de service, sont soumises \u00e0 autorisation.<\/strong><\/li>\n<\/ul>\n<\/div>\n<\/div>\n<\/div>\n<\/div>\n<\/div><\/section>\n","protected":false},"excerpt":{"rendered":"","protected":false},"author":4,"featured_media":0,"parent":1605,"menu_order":0,"comment_status":"closed","ping_status":"closed","template":"","meta":{"footnotes":"","schedule_terms":[]},"class_list":["post-1610","page","type-page","status-publish","hentry"],"_links":{"self":[{"href":"https:\/\/mottattom.org\/en\/wp-json\/wp\/v2\/pages\/1610","targetHints":{"allow":["GET"]}}],"collection":[{"href":"https:\/\/mottattom.org\/en\/wp-json\/wp\/v2\/pages"}],"about":[{"href":"https:\/\/mottattom.org\/en\/wp-json\/wp\/v2\/types\/page"}],"author":[{"embeddable":true,"href":"https:\/\/mottattom.org\/en\/wp-json\/wp\/v2\/users\/4"}],"replies":[{"embeddable":true,"href":"https:\/\/mottattom.org\/en\/wp-json\/wp\/v2\/comments?post=1610"}],"version-history":[{"count":27,"href":"https:\/\/mottattom.org\/en\/wp-json\/wp\/v2\/pages\/1610\/revisions"}],"predecessor-version":[{"id":8399,"href":"https:\/\/mottattom.org\/en\/wp-json\/wp\/v2\/pages\/1610\/revisions\/8399"}],"up":[{"embeddable":true,"href":"https:\/\/mottattom.org\/en\/wp-json\/wp\/v2\/pages\/1605"}],"wp:attachment":[{"href":"https:\/\/mottattom.org\/en\/wp-json\/wp\/v2\/media?parent=1610"}],"curies":[{"name":"wp","href":"https:\/\/api.w.org\/{rel}","templated":true}]}}