{"id":7162,"date":"2023-02-01T16:44:03","date_gmt":"2023-02-01T15:44:03","guid":{"rendered":"https:\/\/mottattom.org\/a-propos-de-lassurance-responsabilite-civile\/"},"modified":"2023-02-20T16:31:46","modified_gmt":"2023-02-20T15:31:46","slug":"a-propos-de-lassurance-responsabilite-civile","status":"publish","type":"page","link":"https:\/\/mottattom.org\/de\/a-propos-de-lassurance-responsabilite-civile\/","title":{"rendered":"\u00e0 propos de l&#8217;assurance Responsabilit\u00e9 Civile"},"content":{"rendered":"<section  class='av_textblock_section av-ldlutknv-5cf8b5e2db40bcf5a3b5222f1020b838 '   itemscope=\"itemscope\" itemtype=\"https:\/\/schema.org\/CreativeWork\" ><div class='avia_textblock'  itemprop=\"text\" ><h2><\/h2>\n<h2><strong>MottAttoM, grande salle \u201cLa Mine\u201d<\/strong><\/h2>\n<\/div><\/section>\n<\/div><\/div><\/div><!-- close content main div --><\/div><\/div><div class='clear'><\/div><div id='sub_menu1'  class='av-submenu-container av-ldludw4r-0e7a5b51d679ace625f32ca3a6fc031f main_color  avia-builder-el-1  el_after_av_textblock  el_before_av_one_full  av-sticky-submenu submenu-not-first container_wrap fullsize' style='z-index:301' ><div class='container av-menu-mobile-disabled av-submenu-pos-center'><ul id=\"menu-mine-allemand\" class=\"av-subnav-menu\" role=\"menu\"><li role=\"menuitem\" id=\"menu-item-4686\" class=\"menu-item menu-item-type-post_type menu-item-object-page menu-item-top-level menu-item-top-level-1\"><a href=\"https:\/\/mottattom.org\/de\/mine\/\" itemprop=\"url\" tabindex=\"0\"><span class=\"avia-bullet\"><\/span><span class=\"avia-menu-text\">La Mine<\/span><span class=\"avia-menu-fx\"><span class=\"avia-arrow-wrap\"><span class=\"avia-arrow\"><\/span><\/span><\/span><\/a><\/li>\n<li role=\"menuitem\" id=\"menu-item-4687\" class=\"menu-item menu-item-type-post_type menu-item-object-page menu-item-top-level menu-item-top-level-2\"><a href=\"https:\/\/mottattom.org\/de\/mine\/fiche-technique\/\" itemprop=\"url\" tabindex=\"0\"><span class=\"avia-bullet\"><\/span><span class=\"avia-menu-text\">Fiche technique<\/span><span class=\"avia-menu-fx\"><span class=\"avia-arrow-wrap\"><span class=\"avia-arrow\"><\/span><\/span><\/span><\/a><\/li>\n<li role=\"menuitem\" id=\"menu-item-4688\" class=\"menu-item menu-item-type-post_type menu-item-object-page menu-item-top-level menu-item-top-level-3\"><a href=\"https:\/\/mottattom.org\/de\/mine\/mine-photos\/\" itemprop=\"url\" tabindex=\"0\"><span class=\"avia-bullet\"><\/span><span class=\"avia-menu-text\">Photos<\/span><span class=\"avia-menu-fx\"><span class=\"avia-arrow-wrap\"><span class=\"avia-arrow\"><\/span><\/span><\/span><\/a><\/li>\n<li role=\"menuitem\" id=\"menu-item-7148\" class=\"menu-item menu-item-type-post_type menu-item-object-page menu-item-top-level menu-item-top-level-4\"><a href=\"https:\/\/mottattom.org\/de\/mine\/videos\/\" itemprop=\"url\" tabindex=\"0\"><span class=\"avia-bullet\"><\/span><span class=\"avia-menu-text\">Vid\u00e9os<\/span><span class=\"avia-menu-fx\"><span class=\"avia-arrow-wrap\"><span class=\"avia-arrow\"><\/span><\/span><\/span><\/a><\/li>\n<li role=\"menuitem\" id=\"menu-item-4689\" class=\"menu-item menu-item-type-post_type menu-item-object-page menu-item-top-level menu-item-top-level-5\"><a href=\"https:\/\/mottattom.org\/de\/mine\/mine-conditions\/\" itemprop=\"url\" tabindex=\"0\"><span class=\"avia-bullet\"><\/span><span class=\"avia-menu-text\">Conditions<\/span><span class=\"avia-menu-fx\"><span class=\"avia-arrow-wrap\"><span class=\"avia-arrow\"><\/span><\/span><\/span><\/a><\/li>\n<li role=\"menuitem\" id=\"menu-item-4690\" class=\"menu-item menu-item-type-post_type menu-item-object-page menu-item-top-level menu-item-top-level-6\"><a href=\"https:\/\/mottattom.org\/de\/mine\/mine-tarifs\/\" itemprop=\"url\" tabindex=\"0\"><span class=\"avia-bullet\"><\/span><span class=\"avia-menu-text\">Preise<\/span><span class=\"avia-menu-fx\"><span class=\"avia-arrow-wrap\"><span class=\"avia-arrow\"><\/span><\/span><\/span><\/a><\/li>\n<li role=\"menuitem\" id=\"menu-item-7149\" class=\"menu-item menu-item-type-post_type menu-item-object-page menu-item-top-level menu-item-top-level-7\"><a href=\"https:\/\/mottattom.org\/de\/mine\/agenda\/\" itemprop=\"url\" tabindex=\"0\"><span class=\"avia-bullet\"><\/span><span class=\"avia-menu-text\">Agenda und Reservierungen<\/span><span class=\"avia-menu-fx\"><span class=\"avia-arrow-wrap\"><span class=\"avia-arrow\"><\/span><\/span><\/span><\/a><\/li>\n<\/ul><\/div><\/div><div class='sticky_placeholder'><\/div><div id='after_submenu_1'  class='main_color av_default_container_wrap container_wrap fullsize'  ><div class='container av-section-cont-open' ><div class='template-page content  av-content-full alpha units'><div class='post-entry post-entry-type-page post-entry-7162'><div class='entry-content-wrapper clearfix'>\n<div  class='flex_column av-3wmy83-688632073d2e7fc8e4935f1461f212a4 av_one_full  avia-builder-el-2  el_after_av_submenu  avia-builder-el-no-sibling  first flex_column_div  '     ><section  class='av_textblock_section av-ldluc090-7d361b0f96c6180a01acea566fd2fd6a '   itemscope=\"itemscope\" itemtype=\"https:\/\/schema.org\/CreativeWork\" ><div class='avia_textblock'  itemprop=\"text\" ><h3>INFORMATIONS RC<\/h3>\n<p>Cette page vise \u00e0 clarifier la notion de couverture assurance RC et orienter d&#8217;\u00e9ventuelles d\u00e9marches.<\/p>\n<p>Toute personne ou soci\u00e9t\u00e9 venant utiliser le studio La Mine \u00e0 MottAttoM doit justifier d&#8217;une couverture en assurance Responsabilit\u00e9 Civile adapt\u00e9e \u00e0 l&#8217;activit\u00e9 pr\u00e9vue.<\/p>\n<p>Cette couverture est <strong>indispensable <\/strong>et sa justification est contractuelle.<\/p>\n<p><em>La responsabilit\u00e9 civile priv\u00e9e et\/ou professionnelle est indispensable car elle permet d\u2019\u00eatre couvert en cas de dommages caus\u00e9s \u00e0 un tiers.<br \/>\nElle couvre en cas de dommages mat\u00e9riels et corporels.<br \/>\nElle couvre \u00e9galement pour les pr\u00e9judices de fortunes purs r\u00e9sultants des dommages mat\u00e9riels et corporels caus\u00e9s.<br \/>\nElle est valable dans le monde entier.<\/em><\/p>\n<p>Une couverture adapt\u00e9e est une <strong>assurance RC PROFESSIONNELLE<\/strong> : \u00e9tablie au nom d&#8217;une soci\u00e9t\u00e9, association ou raison individuelle, elle prend en compte les risques li\u00e9s au type d&#8217;activit\u00e9 d\u00e9ploy\u00e9e, notamment lorsque la soci\u00e9t\u00e9 emploie ou mandate du personnel pour ses activit\u00e9s.<\/p>\n<p>Si on ne dispose pas de ce type de couverture, il est possible d&#8217;en contracter une pour une DUREE DETERMINEE. Ce type de couverture s&#8217;adapte \u00e0 des \u00e9v\u00e9nements tels que festivals, tournages etc&#8230; Certaines compagnies d&#8217;assurance ne proposent toutefois pas ce type de contrat.<\/p>\n<p>Pour tout renseignements compl\u00e9mentaires, on peut contacter directement sa compagnie d&#8217;assurance.<\/p>\n<p>MottAttoM travaille avec AXA pour ses besoins en assurance, et par cons\u00e9quent AXA conna\u00eet le contexte de La Mine. AXA peut donc conseiller une couverture adapt\u00e9e si n\u00e9cessaire. <em>NB : cette information est fournie \u00e0 titre indicatif et \u00e0 bien plaire, MottAttoM n&#8217;entretient aucune relation d&#8217;int\u00e9r\u00eat commercial avec AXA<\/em><\/p>\n<p>Il est possible de contacter directement AXA :<\/p>\n<p>Agence de Plan-les-Ouates<\/p>\n<p>+41 22 827 61 61<br \/>\nPLAN.LES.OUATES@AXA.CH<\/p>\n<p>ou par <a href=\"https:\/\/forms.office.com\/Pages\/ResponsePage.aspx?id=zDhrOWWqK0m7Dj2U7SWpe-FZsL2v1ntKr3s-_zUghUpUNDRUWURQSUoyQ1gzOUxVMURPSFBXRDlLSi4u\">formulaire<\/a><\/p>\n<p>Une <strong>assurance RC priv\u00e9e n&#8217;est pas adapt\u00e9e, sauf sous deux conditions conjointes<\/strong> :<\/p>\n<ul>\n<li style=\"list-style-type: none;\">\n<ul><\/ul>\n<\/li>\n<\/ul>\n<ul>\n<li style=\"list-style-type: none;\">\n<ul>\n<li>une personne en raison individuelle dont l&#8217;activit\u00e9 d\u00e9bute et dont le chiffre d&#8217;affaire annuel ne d\u00e9passe pas encore 12&#8217;000 \u00e0 20&#8217;000 chf (<em>peut varier selon la compagnie d&#8217;assurance<\/em>)<\/li>\n<\/ul>\n<\/li>\n<\/ul>\n<ul>\n<li style=\"list-style-type: none;\">\n<ul>\n<li>dans ce cas, une copie du contrat de mise \u00e0 disposition du studio doit \u00eatre transmise \u00e0 la compagnie d&#8217;assurance garante de la couverture RC priv\u00e9e, qui doit approuver en retour la couverture de risque effective dans le contexte de la mise \u00e0 disposition.<\/li>\n<\/ul>\n<\/li>\n<\/ul>\n<\/div><\/section><\/div>\n","protected":false},"excerpt":{"rendered":"","protected":false},"author":36,"featured_media":0,"parent":0,"menu_order":0,"comment_status":"closed","ping_status":"closed","template":"","meta":{"footnotes":"","schedule_terms":[]},"class_list":["post-7162","page","type-page","status-publish","hentry"],"_links":{"self":[{"href":"https:\/\/mottattom.org\/de\/wp-json\/wp\/v2\/pages\/7162","targetHints":{"allow":["GET"]}}],"collection":[{"href":"https:\/\/mottattom.org\/de\/wp-json\/wp\/v2\/pages"}],"about":[{"href":"https:\/\/mottattom.org\/de\/wp-json\/wp\/v2\/types\/page"}],"author":[{"embeddable":true,"href":"https:\/\/mottattom.org\/de\/wp-json\/wp\/v2\/users\/36"}],"replies":[{"embeddable":true,"href":"https:\/\/mottattom.org\/de\/wp-json\/wp\/v2\/comments?post=7162"}],"version-history":[{"count":4,"href":"https:\/\/mottattom.org\/de\/wp-json\/wp\/v2\/pages\/7162\/revisions"}],"predecessor-version":[{"id":7177,"href":"https:\/\/mottattom.org\/de\/wp-json\/wp\/v2\/pages\/7162\/revisions\/7177"}],"wp:attachment":[{"href":"https:\/\/mottattom.org\/de\/wp-json\/wp\/v2\/media?parent=7162"}],"curies":[{"name":"wp","href":"https:\/\/api.w.org\/{rel}","templated":true}]}}