{"id":7121,"date":"2019-11-06T16:40:18","date_gmt":"2019-11-06T15:40:18","guid":{"rendered":"https:\/\/mottattom.org\/mine\/agenda\/"},"modified":"2023-02-20T15:55:05","modified_gmt":"2023-02-20T14:55:05","slug":"agenda","status":"publish","type":"page","link":"https:\/\/mottattom.org\/de\/mine\/agenda\/","title":{"rendered":"Agenda und Reservierungen"},"content":{"rendered":"<section  class='av_textblock_section av-luwvmi-61e13b88ed7f28ac904f43362d57ee80 '   itemscope=\"itemscope\" itemtype=\"https:\/\/schema.org\/CreativeWork\" ><div class='avia_textblock'  itemprop=\"text\" ><h2><\/h2>\n<h2><strong>MottAttoM, grande salle \u201cLa Mine\u201d<\/strong><\/h2>\n<\/div><\/section>\n<\/div><\/div><\/div><!-- close content main div --><\/div><\/div><div class='clear'><\/div><div id='sub_menu1'  class='av-submenu-container av-kxo17e-34adc5a9bbf52eaf55c3fe944dfd8f2b main_color  avia-builder-el-1  el_after_av_textblock  el_before_av_one_full  av-sticky-submenu submenu-not-first container_wrap fullsize' style='z-index:301' ><div class='container av-menu-mobile-disabled av-submenu-pos-center'><ul id=\"menu-mine-allemand\" class=\"av-subnav-menu\" role=\"menu\"><li role=\"menuitem\" id=\"menu-item-4686\" class=\"menu-item menu-item-type-post_type menu-item-object-page menu-item-top-level menu-item-top-level-1\"><a href=\"https:\/\/mottattom.org\/de\/mine\/\" itemprop=\"url\" tabindex=\"0\"><span class=\"avia-bullet\"><\/span><span class=\"avia-menu-text\">La Mine<\/span><span class=\"avia-menu-fx\"><span class=\"avia-arrow-wrap\"><span class=\"avia-arrow\"><\/span><\/span><\/span><\/a><\/li>\n<li role=\"menuitem\" id=\"menu-item-4687\" class=\"menu-item menu-item-type-post_type menu-item-object-page menu-item-top-level menu-item-top-level-2\"><a href=\"https:\/\/mottattom.org\/de\/mine\/fiche-technique\/\" itemprop=\"url\" tabindex=\"0\"><span class=\"avia-bullet\"><\/span><span class=\"avia-menu-text\">Fiche technique<\/span><span class=\"avia-menu-fx\"><span class=\"avia-arrow-wrap\"><span class=\"avia-arrow\"><\/span><\/span><\/span><\/a><\/li>\n<li role=\"menuitem\" id=\"menu-item-4688\" class=\"menu-item menu-item-type-post_type menu-item-object-page menu-item-top-level menu-item-top-level-3\"><a href=\"https:\/\/mottattom.org\/de\/mine\/mine-photos\/\" itemprop=\"url\" tabindex=\"0\"><span class=\"avia-bullet\"><\/span><span class=\"avia-menu-text\">Photos<\/span><span class=\"avia-menu-fx\"><span class=\"avia-arrow-wrap\"><span class=\"avia-arrow\"><\/span><\/span><\/span><\/a><\/li>\n<li role=\"menuitem\" id=\"menu-item-7148\" class=\"menu-item menu-item-type-post_type menu-item-object-page menu-item-top-level menu-item-top-level-4\"><a href=\"https:\/\/mottattom.org\/de\/mine\/videos\/\" itemprop=\"url\" tabindex=\"0\"><span class=\"avia-bullet\"><\/span><span class=\"avia-menu-text\">Vid\u00e9os<\/span><span class=\"avia-menu-fx\"><span class=\"avia-arrow-wrap\"><span class=\"avia-arrow\"><\/span><\/span><\/span><\/a><\/li>\n<li role=\"menuitem\" id=\"menu-item-4689\" class=\"menu-item menu-item-type-post_type menu-item-object-page menu-item-top-level menu-item-top-level-5\"><a href=\"https:\/\/mottattom.org\/de\/mine\/mine-conditions\/\" itemprop=\"url\" tabindex=\"0\"><span class=\"avia-bullet\"><\/span><span class=\"avia-menu-text\">Conditions<\/span><span class=\"avia-menu-fx\"><span class=\"avia-arrow-wrap\"><span class=\"avia-arrow\"><\/span><\/span><\/span><\/a><\/li>\n<li role=\"menuitem\" id=\"menu-item-4690\" class=\"menu-item menu-item-type-post_type menu-item-object-page menu-item-top-level menu-item-top-level-6\"><a href=\"https:\/\/mottattom.org\/de\/mine\/mine-tarifs\/\" itemprop=\"url\" tabindex=\"0\"><span class=\"avia-bullet\"><\/span><span class=\"avia-menu-text\">Preise<\/span><span class=\"avia-menu-fx\"><span class=\"avia-arrow-wrap\"><span class=\"avia-arrow\"><\/span><\/span><\/span><\/a><\/li>\n<li role=\"menuitem\" id=\"menu-item-7149\" class=\"menu-item menu-item-type-post_type menu-item-object-page menu-item-top-level menu-item-top-level-7\"><a href=\"https:\/\/mottattom.org\/de\/mine\/agenda\/\" itemprop=\"url\" tabindex=\"0\"><span class=\"avia-bullet\"><\/span><span class=\"avia-menu-text\">Agenda und Reservierungen<\/span><span class=\"avia-menu-fx\"><span class=\"avia-arrow-wrap\"><span class=\"avia-arrow\"><\/span><\/span><\/span><\/a><\/li>\n<\/ul><\/div><\/div><div class='sticky_placeholder'><\/div><div id='after_submenu_1'  class='main_color av_default_container_wrap container_wrap fullsize'  ><div class='container av-section-cont-open' ><div class='template-page content  av-content-full alpha units'><div class='post-entry post-entry-type-page post-entry-7121'><div class='entry-content-wrapper clearfix'>\n\n<style type=\"text\/css\" data-created_by=\"avia_inline_auto\" id=\"style-css-av-g6r4kq-8391dcfb6c087b880e67656fdfc68506\">\n.flex_column.av-g6r4kq-8391dcfb6c087b880e67656fdfc68506{\nborder-radius:0px 0px 0px 0px;\npadding:0px 0px 0px 0px;\n}\n<\/style>\n<div  class='flex_column av-g6r4kq-8391dcfb6c087b880e67656fdfc68506 av_one_full  avia-builder-el-2  el_after_av_submenu  el_before_av_one_fifth  avia-builder-el-first  first flex_column_div av-zero-column-padding  '     ><section  class='av_textblock_section av-dovj3e-7c35f117230dc34656a4a963f744f2bc '   itemscope=\"itemscope\" itemtype=\"https:\/\/schema.org\/CreativeWork\" ><div class='avia_textblock'  itemprop=\"text\" ><div class=\"content\">\n<div class=\"field field-name-field-publication field-type-text-with-summary field-label-hidden\">\n<div class=\"field-items\">\n<div class=\"field-item even\">\n<h2><strong>Agenda et r\u00e9servations<\/strong><\/h2>\n<p>Les plages <span style=\"color: #0000ff;\"><strong>OCCUPE<\/strong><\/span>\u00a0sont les <strong>r\u00e9servations <\/strong>de la salle. Les\u00a0plages\u00a0<span style=\"color: #ff9900;\"><strong>JAUNES<\/strong><\/span>\u00a0<strong>\u00a0sont des r\u00e9servations optionnelles ou en liste d&#8217;attente<\/strong>.<\/p>\n<p>En tous les cas, n&#8217;h\u00e9sitez pas \u00e0 nous soumettre votre demande, car il peut toujours y avoir des d\u00e9sistements&#8230;<\/p>\n<p><strong>Les demandes se font\u00a0au moyen du <a href=\"#resa-form\">formulaire ci-dessous<\/a>.<\/strong><\/p>\n<p><iframe loading=\"lazy\" style=\"border: solid 1px #777;\" src=\"https:\/\/calendar.google.com\/calendar\/embed?height=600&#038;wkst=2&#038;bgcolor=%23ffffff&#038;ctz=Europe%2FZurich&#038;showTitle=0&#038;showDate=1&#038;showTabs=0&#038;src=bW90dGFsYW1pbmVAZ21haWwuY29t&#038;src=aXVxZ284Nmw2c2Q5ZzVqdXR0anZwbDY3c3NAZ3JvdXAuY2FsZW5kYXIuZ29vZ2xlLmNvbQ&#038;src=Y211N2pmM2FpZzd0cGV0ajdqOWQ5NDQ3NG9AZ3JvdXAuY2FsZW5kYXIuZ29vZ2xlLmNvbQ&#038;src=aHUwZW9jbGRjMWE3cWk0a2VtMnQ0ZHJ0ZWtAZ3JvdXAuY2FsZW5kYXIuZ29vZ2xlLmNvbQ&#038;color=%233F51B5&#038;color=%23F4511E&#038;color=%23F6BF26&#038;color=%230B8043\" width=\"100%\" height=\"600\" frameborder=\"0\" scrolling=\"no\"><\/iframe><\/p>\n<p id=\"h.p_3DCFD9hN1ZGT\" class=\"zfr3Q\" dir=\"ltr\">\n<div id=\"autres_studios\">\n<h4>Autres studios \u00e0 MottAttoM<\/h4>\n<p><em>En cas d&#8217;indisponibilit\u00e9 de La Mine, il y a d&#8217;autres salles \u00e0 MottAttoM\u00a0: Ces salles sont plus petites et rel\u00e8vent de la gestion directe d&#8217;associations titulaires, qui n&#8217;ont pas vocation principale de louer leurs salles, mais ont parfois des disponibilit\u00e9s.<\/em><\/p>\n<p id=\"h.p_F7N1Fvi31Zbs\" class=\"zfr3Q\" dir=\"ltr\"><em>Elles peuvent \u00eatre contact\u00e9es en suivant ces liens : <\/em><\/p>\n<p id=\"h.p__IQWKI2o1Zbt\" class=\"zfr3Q\" dir=\"ltr\" style=\"padding-left: 30px;\"><a class=\"dhtgD aw5Odc\" href=\"https:\/\/www.lesfaiseursdereves.ch\" target=\"_blank\" rel=\"noopener noreferrer\"><em>Compagnie Les Faiseurs de R\u00eaves &#8211; Latifa Djerbi<\/em><\/a><\/p>\n<p id=\"h.p_s_6uijFu1Zbu\" class=\"zfr3Q\" dir=\"ltr\" style=\"padding-left: 30px;\"><a class=\"dhtgD aw5Odc\" href=\"https:\/\/compagnie-selene.ch\" target=\"_blank\" rel=\"noopener noreferrer\"><em>Compagnie S\u00e9l\u00e9n\u00e9<\/em><\/a><\/p>\n<p id=\"h.p_SeZYe7Pg1Zbu\" class=\"zfr3Q\" dir=\"ltr\" style=\"padding-left: 30px;\"><a class=\"dhtgD aw5Odc\" href=\"https:\/\/www.compagniedesombres.ch\/\" target=\"_blank\" rel=\"noopener noreferrer\"><em>Compagnie des Ombres<\/em><\/a><\/p>\n<\/div>\n<\/div>\n<\/div>\n<\/div>\n<\/div>\n<\/div><\/section><\/div>\n<style type=\"text\/css\" data-created_by=\"avia_inline_auto\" id=\"style-css-av-d75gey-b9644013f9dae8040f2d74d04340f753\">\n.flex_column.av-d75gey-b9644013f9dae8040f2d74d04340f753{\nborder-radius:0px 0px 0px 0px;\npadding:0px 0px 0px 0px;\n}\n<\/style>\n<div  class='flex_column av-d75gey-b9644013f9dae8040f2d74d04340f753 av_one_fifth  avia-builder-el-4  el_after_av_one_full  el_before_av_three_fifth  first flex_column_div av-zero-column-padding  column-top-margin'     ><\/div><\/p>\n\n<style type=\"text\/css\" data-created_by=\"avia_inline_auto\" id=\"style-css-av-ak5yka-6f6103485102691b6372de22a91a5e92\">\n.flex_column.av-ak5yka-6f6103485102691b6372de22a91a5e92{\nborder-radius:0px 0px 0px 0px;\npadding:0px 0px 0px 0px;\n}\n<\/style>\n<div  class='flex_column av-ak5yka-6f6103485102691b6372de22a91a5e92 av_three_fifth  avia-builder-el-5  el_after_av_one_fifth  el_before_av_one_fifth  flex_column_div av-zero-column-padding  column-top-margin'     ><br \/>\n<section  class='av_textblock_section av-7btn8q-eec698c04e1d2440f530e7d8a44f763d '   itemscope=\"itemscope\" itemtype=\"https:\/\/schema.org\/CreativeWork\" ><div class='avia_textblock'  itemprop=\"text\" ><p><iframe loading=\"lazy\" style=\"border: 1px solid black;\" src=\"https:\/\/docs.google.com\/forms\/d\/e\/1FAIpQLSfiL3AtypXb8bdHMRs2z4vlT1TEenrSvhr9GFz437oCeLBfRA\/viewform?embedded=true\" width=\"100%\" height=\"2950\" frameborder=\"1\" marginwidth=\"1\" marginheight=\"1\">Chargement\u2026<\/iframe><\/p>\n<\/div><\/section><br \/>\n<\/p><\/div>\n\n<style type=\"text\/css\" data-created_by=\"avia_inline_auto\" id=\"style-css-av-4pcsoq-0802d239b9dc8fb3e914e392b0f5e836\">\n.flex_column.av-4pcsoq-0802d239b9dc8fb3e914e392b0f5e836{\nborder-radius:0px 0px 0px 0px;\npadding:0px 0px 0px 0px;\n}\n<\/style>\n<div  class='flex_column av-4pcsoq-0802d239b9dc8fb3e914e392b0f5e836 av_one_fifth  avia-builder-el-9  el_after_av_three_fifth  el_before_av_textblock  flex_column_div av-zero-column-padding  column-top-margin'     ><\/div>\n<section  class='av_textblock_section av-31y5y2-e137858256b6e5a3d9754a980d2996c0 '   itemscope=\"itemscope\" itemtype=\"https:\/\/schema.org\/CreativeWork\" ><div class='avia_textblock'  itemprop=\"text\" ><p style=\"text-align: center;\"><strong>* <\/strong>les <strong>conditions <\/strong>et <strong>caract\u00e9ristiques<\/strong> de la salle sont d\u00e9crites dans\u00a0<a href=\"http:\/\/mottattom.org\/mine\/\" target=\"_blank\" rel=\"noopener noreferrer\">pr\u00e9sentation<\/a>, <a href=\"http:\/\/mottattom.org\/mine\/fiche-technique\/\" target=\"_blank\" rel=\"noopener noreferrer\">fiche technique<\/a>,\u00a0<a href=\"http:\/\/mottattom.org\/mine\/mine-conditions\/\" target=\"_blank\" rel=\"noopener noreferrer\">conditions<\/a>\u00a0 \u00a0et\u00a0 \u00a0<a href=\"http:\/\/mottattom.org\/mine\/mine-tarifs\/\" target=\"_blank\" rel=\"noopener noreferrer\">tarifs<\/a><\/p>\n<\/div><\/section>\n","protected":false},"excerpt":{"rendered":"","protected":false},"author":4,"featured_media":0,"parent":1607,"menu_order":0,"comment_status":"closed","ping_status":"closed","template":"","meta":{"footnotes":"","schedule_terms":[]},"class_list":["post-7121","page","type-page","status-publish","hentry"],"_links":{"self":[{"href":"https:\/\/mottattom.org\/de\/wp-json\/wp\/v2\/pages\/7121","targetHints":{"allow":["GET"]}}],"collection":[{"href":"https:\/\/mottattom.org\/de\/wp-json\/wp\/v2\/pages"}],"about":[{"href":"https:\/\/mottattom.org\/de\/wp-json\/wp\/v2\/types\/page"}],"author":[{"embeddable":true,"href":"https:\/\/mottattom.org\/de\/wp-json\/wp\/v2\/users\/4"}],"replies":[{"embeddable":true,"href":"https:\/\/mottattom.org\/de\/wp-json\/wp\/v2\/comments?post=7121"}],"version-history":[{"count":2,"href":"https:\/\/mottattom.org\/de\/wp-json\/wp\/v2\/pages\/7121\/revisions"}],"predecessor-version":[{"id":7130,"href":"https:\/\/mottattom.org\/de\/wp-json\/wp\/v2\/pages\/7121\/revisions\/7130"}],"up":[{"embeddable":true,"href":"https:\/\/mottattom.org\/de\/wp-json\/wp\/v2\/pages\/1607"}],"wp:attachment":[{"href":"https:\/\/mottattom.org\/de\/wp-json\/wp\/v2\/media?parent=7121"}],"curies":[{"name":"wp","href":"https:\/\/api.w.org\/{rel}","templated":true}]}}