{"id":7093,"date":"2019-02-27T21:58:51","date_gmt":"2019-02-27T20:58:51","guid":{"rendered":"https:\/\/mottattom.org\/mine\/videos\/"},"modified":"2023-06-21T20:55:16","modified_gmt":"2023-06-21T18:55:16","slug":"videos","status":"publish","type":"page","link":"https:\/\/mottattom.org\/de\/mine\/videos\/","title":{"rendered":"Vid\u00e9os"},"content":{"rendered":"<section  class='av_textblock_section av-8kifnm-0b19170fa78733630d96cb633b81b8c2 '   itemscope=\"itemscope\" itemtype=\"https:\/\/schema.org\/CreativeWork\" ><div class='avia_textblock'  itemprop=\"text\" ><h2><\/h2>\n<h2><strong>MottAttoM, grande salle \u201cLa Mine\u201d<\/strong><\/h2>\n<\/div><\/section>\n<\/div><\/div><\/div><!-- close content main div --><\/div><\/div><div class='clear'><\/div><div id='sub_menu1'  class='av-submenu-container av-895p5e-6f5209a99bcfcaafb110f4c2156a77b5 main_color  avia-builder-el-1  el_after_av_textblock  el_before_av_textblock  av-sticky-submenu submenu-not-first container_wrap fullsize' style='z-index:301' ><div class='container av-menu-mobile-disabled av-submenu-pos-center'><ul id=\"menu-mine-allemand\" class=\"av-subnav-menu\" role=\"menu\"><li role=\"menuitem\" id=\"menu-item-4686\" class=\"menu-item menu-item-type-post_type menu-item-object-page menu-item-top-level menu-item-top-level-1\"><a href=\"https:\/\/mottattom.org\/de\/mine\/\" itemprop=\"url\" tabindex=\"0\"><span class=\"avia-bullet\"><\/span><span class=\"avia-menu-text\">La Mine<\/span><span class=\"avia-menu-fx\"><span class=\"avia-arrow-wrap\"><span class=\"avia-arrow\"><\/span><\/span><\/span><\/a><\/li>\n<li role=\"menuitem\" id=\"menu-item-4687\" class=\"menu-item menu-item-type-post_type menu-item-object-page menu-item-top-level menu-item-top-level-2\"><a href=\"https:\/\/mottattom.org\/de\/mine\/fiche-technique\/\" itemprop=\"url\" tabindex=\"0\"><span class=\"avia-bullet\"><\/span><span class=\"avia-menu-text\">Fiche technique<\/span><span class=\"avia-menu-fx\"><span class=\"avia-arrow-wrap\"><span class=\"avia-arrow\"><\/span><\/span><\/span><\/a><\/li>\n<li role=\"menuitem\" id=\"menu-item-4688\" class=\"menu-item menu-item-type-post_type menu-item-object-page menu-item-top-level menu-item-top-level-3\"><a href=\"https:\/\/mottattom.org\/de\/mine\/mine-photos\/\" itemprop=\"url\" tabindex=\"0\"><span class=\"avia-bullet\"><\/span><span class=\"avia-menu-text\">Photos<\/span><span class=\"avia-menu-fx\"><span class=\"avia-arrow-wrap\"><span class=\"avia-arrow\"><\/span><\/span><\/span><\/a><\/li>\n<li role=\"menuitem\" id=\"menu-item-7148\" class=\"menu-item menu-item-type-post_type menu-item-object-page menu-item-top-level menu-item-top-level-4\"><a href=\"https:\/\/mottattom.org\/de\/mine\/videos\/\" itemprop=\"url\" tabindex=\"0\"><span class=\"avia-bullet\"><\/span><span class=\"avia-menu-text\">Vid\u00e9os<\/span><span class=\"avia-menu-fx\"><span class=\"avia-arrow-wrap\"><span class=\"avia-arrow\"><\/span><\/span><\/span><\/a><\/li>\n<li role=\"menuitem\" id=\"menu-item-4689\" class=\"menu-item menu-item-type-post_type menu-item-object-page menu-item-top-level menu-item-top-level-5\"><a href=\"https:\/\/mottattom.org\/de\/mine\/mine-conditions\/\" itemprop=\"url\" tabindex=\"0\"><span class=\"avia-bullet\"><\/span><span class=\"avia-menu-text\">Conditions<\/span><span class=\"avia-menu-fx\"><span class=\"avia-arrow-wrap\"><span class=\"avia-arrow\"><\/span><\/span><\/span><\/a><\/li>\n<li role=\"menuitem\" id=\"menu-item-4690\" class=\"menu-item menu-item-type-post_type menu-item-object-page menu-item-top-level menu-item-top-level-6\"><a href=\"https:\/\/mottattom.org\/de\/mine\/mine-tarifs\/\" itemprop=\"url\" tabindex=\"0\"><span class=\"avia-bullet\"><\/span><span class=\"avia-menu-text\">Preise<\/span><span class=\"avia-menu-fx\"><span class=\"avia-arrow-wrap\"><span class=\"avia-arrow\"><\/span><\/span><\/span><\/a><\/li>\n<li role=\"menuitem\" id=\"menu-item-7149\" class=\"menu-item menu-item-type-post_type menu-item-object-page menu-item-top-level menu-item-top-level-7\"><a href=\"https:\/\/mottattom.org\/de\/mine\/agenda\/\" itemprop=\"url\" tabindex=\"0\"><span class=\"avia-bullet\"><\/span><span class=\"avia-menu-text\">Agenda und Reservierungen<\/span><span class=\"avia-menu-fx\"><span class=\"avia-arrow-wrap\"><span class=\"avia-arrow\"><\/span><\/span><\/span><\/a><\/li>\n<\/ul><\/div><\/div><div class='sticky_placeholder'><\/div><div id='after_submenu_1'  class='main_color av_default_container_wrap container_wrap fullsize'  ><div class='container av-section-cont-open' ><div class='template-page content  av-content-full alpha units'><div class='post-entry post-entry-type-page post-entry-7093'><div class='entry-content-wrapper clearfix'>\n<section  class='av_textblock_section av-1vs0wy-2e1785bc98941c66238903a32df73d2c '   itemscope=\"itemscope\" itemtype=\"https:\/\/schema.org\/CreativeWork\" ><div class='avia_textblock'  itemprop=\"text\" ><h2>VIDEOS<\/h2>\n<p>Plusieurs tournages et \u00e9v\u00e9nements ont eu lieu dans cette salle, lui donnant chaque fois un nouveau visage&#8230;<\/p>\n<hr \/>\n<h3 class=\"style-scope ytd-watch-metadata\">Quiet Island &#8211; I Don&#8217;t Remember<\/h3>\n<p>production Quiet Island, r\u00e9alisation L\u00e9o Lacan<\/p>\n<p><iframe loading=\"lazy\" title=\"Quiet Island - I Don't Remember (Official Music Video)\" src=\"https:\/\/www.youtube.com\/embed\/fyciw5ODAsk\" width=\"450\" height=\"200\" frameborder=\"0\" allowfullscreen=\"allowfullscreen\"><\/iframe><\/p>\n<h3><\/h3>\n<h3><\/h3>\n<h3 class=\"title style-scope ytd-video-primary-info-renderer\"><br class=\"avia-permanent-lb\" \/><br class=\"avia-permanent-lb\" \/>La 7\u00e8 vall\u00e9e<em> (teaser)<\/em><\/h3>\n<p>production th\u00e9\u00e2tre Navev\u00e0<br \/>\n<iframe loading=\"lazy\" title=\"Teaser La 7e Vallee\" src=\"https:\/\/www.youtube.com\/embed\/fDE1ipo92lA\" width=\"450\" height=\"200\" frameborder=\"0\" allowfullscreen=\"allowfullscreen\"><\/iframe><\/p>\n<h3><\/h3>\n<h3 class=\"title style-scope ytd-video-primary-info-renderer\"><br class=\"avia-permanent-lb\" \/><br class=\"avia-permanent-lb\" \/>LUM x Seekseven &#8211; Binary Code<\/h3>\n<p>R\u00e9alisation Quentin Blum<br \/>\n<iframe loading=\"lazy\" title=\"YouTube video player\" src=\"https:\/\/www.youtube.com\/embed\/IKM-qhWQYto\" width=\"450\" height=\"200\" frameborder=\"0\" allowfullscreen=\"allowfullscreen\"><\/iframe><\/p>\n<p><img loading=\"lazy\" decoding=\"async\" class=\"alignnone wp-image-4068\" src=\"http:\/\/mottattom.org\/wp-content\/uploads\/2022\/01\/WhatsApp-Image-2021-04-12-at-21.06.38-2-300x225.jpeg\" alt=\"\" width=\"235\" height=\"176\" srcset=\"https:\/\/mottattom.org\/wp-content\/uploads\/2022\/01\/WhatsApp-Image-2021-04-12-at-21.06.38-2-300x225.jpeg 300w, https:\/\/mottattom.org\/wp-content\/uploads\/2022\/01\/WhatsApp-Image-2021-04-12-at-21.06.38-2-768x576.jpeg 768w, https:\/\/mottattom.org\/wp-content\/uploads\/2022\/01\/WhatsApp-Image-2021-04-12-at-21.06.38-2-1030x773.jpeg 1030w, https:\/\/mottattom.org\/wp-content\/uploads\/2022\/01\/WhatsApp-Image-2021-04-12-at-21.06.38-2-600x450.jpeg 600w, https:\/\/mottattom.org\/wp-content\/uploads\/2022\/01\/WhatsApp-Image-2021-04-12-at-21.06.38-2-1500x1125.jpeg 1500w, https:\/\/mottattom.org\/wp-content\/uploads\/2022\/01\/WhatsApp-Image-2021-04-12-at-21.06.38-2-705x529.jpeg 705w, https:\/\/mottattom.org\/wp-content\/uploads\/2022\/01\/WhatsApp-Image-2021-04-12-at-21.06.38-2-450x338.jpeg 450w, https:\/\/mottattom.org\/wp-content\/uploads\/2022\/01\/WhatsApp-Image-2021-04-12-at-21.06.38-2.jpeg 1600w\" sizes=\"auto, (max-width: 235px) 100vw, 235px\" \/> <img loading=\"lazy\" decoding=\"async\" class=\"alignnone wp-image-4074\" src=\"http:\/\/mottattom.org\/wp-content\/uploads\/2022\/01\/WhatsApp-Image-2021-04-12-at-21.06.38-225x300.jpeg\" alt=\"\" width=\"162\" height=\"216\" srcset=\"https:\/\/mottattom.org\/wp-content\/uploads\/2022\/01\/WhatsApp-Image-2021-04-12-at-21.06.38-225x300.jpeg 225w, https:\/\/mottattom.org\/wp-content\/uploads\/2022\/01\/WhatsApp-Image-2021-04-12-at-21.06.38-768x1024.jpeg 768w, https:\/\/mottattom.org\/wp-content\/uploads\/2022\/01\/WhatsApp-Image-2021-04-12-at-21.06.38-773x1030.jpeg 773w, https:\/\/mottattom.org\/wp-content\/uploads\/2022\/01\/WhatsApp-Image-2021-04-12-at-21.06.38-600x800.jpeg 600w, https:\/\/mottattom.org\/wp-content\/uploads\/2022\/01\/WhatsApp-Image-2021-04-12-at-21.06.38-1125x1500.jpeg 1125w, https:\/\/mottattom.org\/wp-content\/uploads\/2022\/01\/WhatsApp-Image-2021-04-12-at-21.06.38-529x705.jpeg 529w, https:\/\/mottattom.org\/wp-content\/uploads\/2022\/01\/WhatsApp-Image-2021-04-12-at-21.06.38-450x600.jpeg 450w, https:\/\/mottattom.org\/wp-content\/uploads\/2022\/01\/WhatsApp-Image-2021-04-12-at-21.06.38.jpeg 1200w\" sizes=\"auto, (max-width: 162px) 100vw, 162px\" \/> <img loading=\"lazy\" decoding=\"async\" class=\"alignnone wp-image-4065\" src=\"http:\/\/mottattom.org\/wp-content\/uploads\/2022\/01\/WhatsApp-Image-2021-04-12-at-21.06.26-225x300.jpeg\" alt=\"\" width=\"139\" height=\"185\" srcset=\"https:\/\/mottattom.org\/wp-content\/uploads\/2022\/01\/WhatsApp-Image-2021-04-12-at-21.06.26-225x300.jpeg 225w, https:\/\/mottattom.org\/wp-content\/uploads\/2022\/01\/WhatsApp-Image-2021-04-12-at-21.06.26-768x1024.jpeg 768w, https:\/\/mottattom.org\/wp-content\/uploads\/2022\/01\/WhatsApp-Image-2021-04-12-at-21.06.26-773x1030.jpeg 773w, https:\/\/mottattom.org\/wp-content\/uploads\/2022\/01\/WhatsApp-Image-2021-04-12-at-21.06.26-600x800.jpeg 600w, https:\/\/mottattom.org\/wp-content\/uploads\/2022\/01\/WhatsApp-Image-2021-04-12-at-21.06.26-1125x1500.jpeg 1125w, https:\/\/mottattom.org\/wp-content\/uploads\/2022\/01\/WhatsApp-Image-2021-04-12-at-21.06.26-529x705.jpeg 529w, https:\/\/mottattom.org\/wp-content\/uploads\/2022\/01\/WhatsApp-Image-2021-04-12-at-21.06.26-450x600.jpeg 450w, https:\/\/mottattom.org\/wp-content\/uploads\/2022\/01\/WhatsApp-Image-2021-04-12-at-21.06.26.jpeg 1200w\" sizes=\"auto, (max-width: 139px) 100vw, 139px\" \/><\/p>\n<h3><a href=\"https:\/\/vimeo.com\/82273742\"> <br class=\"avia-permanent-lb\" \/><br class=\"avia-permanent-lb\" \/>Orioxy &#8211; Im Tamouti<\/a><\/h3>\n<p>from <a href=\"https:\/\/vimeo.com\/mirjamlandolt\">Mirjam Landolt<\/a> on <a href=\"https:\/\/vimeo.com\">Vimeo<\/a>.<\/p>\n<h6>\u00a0 \u00a0 \u00a0 \u00a0 \u00a0PAS D&#8217;APERCU POSSIBLE, rendez-vous \u00e0 cette adresse : <a href=\"https:\/\/vimeo.com\/82273742\" target=\"_blank\" rel=\"noopener\">https:\/\/vimeo.com\/82273742<\/a><\/h6>\n<p><br class=\"avia-permanent-lb\" \/><br class=\"avia-permanent-lb\" \/><br class=\"avia-permanent-lb\" \/><\/p>\n<h3>Dancing Cello<\/h3>\n<p>Collaboration entre l&#8217;ensemble de violoncellistes &#8220;LemanCellos&#8221; , la Cie Caract\u00e8re et l&#8217;Area Jeune Ballet.<br \/>\n<iframe loading=\"lazy\" title=\"YouTube video player\" src=\"https:\/\/www.youtube.com\/embed\/R2Q-r62RRxk\" width=\"450\" height=\"200\" frameborder=\"0\" allowfullscreen=\"allowfullscreen\"><\/iframe><\/p>\n<h3><br class=\"avia-permanent-lb\" \/><br class=\"avia-permanent-lb\" \/>Dogdance in La Mine<\/h3>\n<p>by DogDanceMania<br \/>\n<iframe loading=\"lazy\" src=\"https:\/\/www.youtube.com\/embed\/NZ5siLzhKdQ\" width=\"450\" height=\"200\" frameborder=\"0\" allowfullscreen=\"allowfullscreen\"><\/iframe><\/p>\n<h3><br class=\"avia-permanent-lb\" \/><br class=\"avia-permanent-lb\" \/>Cold Bath &#8211; Everything Everything<\/h3>\n<p>r\u00e9alisation L\u00e9o Lacan<br \/>\n<iframe loading=\"lazy\" src=\"https:\/\/www.youtube.com\/embed\/zp3sA9CWnls\" width=\"450\" height=\"200\" frameborder=\"0\" allowfullscreen=\"allowfullscreen\"><\/iframe><\/p>\n<h3 class=\"title style-scope ytd-video-primary-info-renderer\"><br class=\"avia-permanent-lb\" \/><br class=\"avia-permanent-lb\" \/>Lynn Maring &#8211; The Kiss Thief<\/h3>\n<p>r\u00e9alisation Julien Wey<br \/>\n<iframe loading=\"lazy\" src=\"https:\/\/www.youtube.com\/embed\/y8olciJalR0\" width=\"450\" height=\"200\" frameborder=\"0\" allowfullscreen=\"allowfullscreen\"><\/iframe><\/p>\n<h3><br class=\"avia-permanent-lb\" \/><br class=\"avia-permanent-lb\" \/>MOURAH &#8211; Tightrope Walker<\/h3>\n<p>r\u00e9alisation Mei Fa Tan<br \/>\n<iframe loading=\"lazy\" src=\"https:\/\/player.vimeo.com\/video\/249378988\" width=\"450\" height=\"200\" frameborder=\"0\" allowfullscreen=\"allowfullscreen\"><\/iframe><\/p>\n<h3 class=\"title style-scope ytd-video-primary-info-renderer\"><br class=\"avia-permanent-lb\" \/><br class=\"avia-permanent-lb\" \/>Licia Chery &#8211; Treat Me Good<\/h3>\n<p>r\u00e9alisation Mei Fa Tan<br \/>\n<iframe loading=\"lazy\" src=\"https:\/\/www.youtube.com\/embed\/Na20w0wy1hE\" width=\"450\" height=\"200\" frameborder=\"0\" allowfullscreen=\"allowfullscreen\"><\/iframe><\/p>\n<\/div><\/section>\n","protected":false},"excerpt":{"rendered":"","protected":false},"author":4,"featured_media":0,"parent":1607,"menu_order":2,"comment_status":"closed","ping_status":"closed","template":"","meta":{"footnotes":"","schedule_terms":[]},"class_list":["post-7093","page","type-page","status-publish","hentry"],"_links":{"self":[{"href":"https:\/\/mottattom.org\/de\/wp-json\/wp\/v2\/pages\/7093","targetHints":{"allow":["GET"]}}],"collection":[{"href":"https:\/\/mottattom.org\/de\/wp-json\/wp\/v2\/pages"}],"about":[{"href":"https:\/\/mottattom.org\/de\/wp-json\/wp\/v2\/types\/page"}],"author":[{"embeddable":true,"href":"https:\/\/mottattom.org\/de\/wp-json\/wp\/v2\/users\/4"}],"replies":[{"embeddable":true,"href":"https:\/\/mottattom.org\/de\/wp-json\/wp\/v2\/comments?post=7093"}],"version-history":[{"count":16,"href":"https:\/\/mottattom.org\/de\/wp-json\/wp\/v2\/pages\/7093\/revisions"}],"predecessor-version":[{"id":7816,"href":"https:\/\/mottattom.org\/de\/wp-json\/wp\/v2\/pages\/7093\/revisions\/7816"}],"up":[{"embeddable":true,"href":"https:\/\/mottattom.org\/de\/wp-json\/wp\/v2\/pages\/1607"}],"wp:attachment":[{"href":"https:\/\/mottattom.org\/de\/wp-json\/wp\/v2\/media?parent=7093"}],"curies":[{"name":"wp","href":"https:\/\/api.w.org\/{rel}","templated":true}]}}