{"id":6481,"date":"2022-09-28T15:37:37","date_gmt":"2022-09-28T13:37:37","guid":{"rendered":"https:\/\/mottattom.org\/?page_id=6481"},"modified":"2026-01-10T12:48:29","modified_gmt":"2026-01-10T11:48:29","slug":"libre-court","status":"publish","type":"page","link":"https:\/\/mottattom.org\/de\/libre-court\/","title":{"rendered":"Libre court"},"content":{"rendered":"\n<p style=\"font-size:1.4rem\">Espace attribu\u00e9 sur projets pour un maximum de quatre mois<\/p>\n\n\n\n<p><strong>Libre court<\/strong> est un espace de travail \u00e0 MottAttoM propos\u00e9 pour des <strong>projets<\/strong> de courte dur\u00e9e d\u2019un maximum de 4 mois.<br><\/p>\n\n\n\n<p><strong>MottattoM<\/strong> regroupe diff\u00e9rents artistes et artisans.<br>C\u2019est un lieu propice \u00e0 la rencontre.<br>Le local est attribu\u00e9 par un groupe de travail qui s\u00e9lectionne les projets.<br>Une rotation des pratiques est privil\u00e9gi\u00e9e.<\/p>\n\n\n\n<p><strong>Description:<\/strong><br>L\u2019Espace libre court est un local lumineux de 21 m\u00b2.<br>Il est dot\u00e9 d\u2019une grande paroi blanche de 3.50m par 3.40m.<br>Il est situ\u00e9 au premier \u00e9tage, un monte-charge est \u00e0 disposition si besoin.<br>Il ne convient pas vraiment \u00e0 une activit\u00e9 bruyante ou fragrante.<br>\u00c9lectricit\u00e9, chauffage et WIFI disponibles, acc\u00e8s \u00e0 l&#8217;eau aux toilettes et cuisine commune \u00e0 disposition.<\/p>\n\n\n\n<p><strong>Participation:<\/strong><br>Les charges fixes couvrent le chauffage, l\u2019\u00e9lectricit\u00e9 et l\u2019Internet, elles <br>se montent \u00e0 20 chf par semaine. La participation aux charges <br>collectives de Mottattom est librement choisie.<\/p>\n\n\n\n<p><strong>Comment obtenir l\u2019espace :<\/strong><br>Nous ne prenons plus de candidature jusqu&#8217;\u00e0 nouvel avis.<\/p>\n\n\n\n<p><\/p>\n\n\n\n<p><\/p>\n\n\n\n<p><strong>Libre court en image<\/strong><\/p>\n\n\n\n<div class=\"wp-block-columns is-layout-flex wp-container-core-columns-is-layout-9d6595d7 wp-block-columns-is-layout-flex\">\n<div class=\"wp-block-column is-layout-flow wp-block-column-is-layout-flow\" style=\"flex-basis:50%\">\n<figure class=\"wp-block-image size-full\"><img loading=\"lazy\" decoding=\"async\" width=\"900\" height=\"675\" src=\"https:\/\/mottattom.org\/wp-content\/uploads\/2023\/01\/librecourt.jpg\" alt=\"\" class=\"wp-image-6987\" srcset=\"https:\/\/mottattom.org\/wp-content\/uploads\/2023\/01\/librecourt.jpg 900w, https:\/\/mottattom.org\/wp-content\/uploads\/2023\/01\/librecourt-300x225.jpg 300w, https:\/\/mottattom.org\/wp-content\/uploads\/2023\/01\/librecourt-768x576.jpg 768w, https:\/\/mottattom.org\/wp-content\/uploads\/2023\/01\/librecourt-705x529.jpg 705w\" sizes=\"auto, (max-width: 900px) 100vw, 900px\" \/><\/figure>\n<\/div>\n\n\n\n<div class=\"wp-block-column is-layout-flow wp-block-column-is-layout-flow\" style=\"flex-basis:50%\">\n<figure class=\"wp-block-image size-full\"><img loading=\"lazy\" decoding=\"async\" width=\"900\" height=\"675\" src=\"https:\/\/mottattom.org\/wp-content\/uploads\/2023\/01\/librecourt2.jpg\" alt=\"\" class=\"wp-image-6990\" srcset=\"https:\/\/mottattom.org\/wp-content\/uploads\/2023\/01\/librecourt2.jpg 900w, https:\/\/mottattom.org\/wp-content\/uploads\/2023\/01\/librecourt2-300x225.jpg 300w, https:\/\/mottattom.org\/wp-content\/uploads\/2023\/01\/librecourt2-768x576.jpg 768w, https:\/\/mottattom.org\/wp-content\/uploads\/2023\/01\/librecourt2-705x529.jpg 705w\" sizes=\"auto, (max-width: 900px) 100vw, 900px\" \/><\/figure>\n<\/div>\n<\/div>\n\n\n\n<figure class=\"wp-block-image size-large is-resized\"><img loading=\"lazy\" decoding=\"async\" width=\"728\" height=\"1030\" src=\"https:\/\/mottattom.org\/wp-content\/uploads\/2023\/01\/Libre-court-plan-1-728x1030.jpg\" alt=\"\" class=\"wp-image-7020\" style=\"width:450px;height:638px\" srcset=\"https:\/\/mottattom.org\/wp-content\/uploads\/2023\/01\/Libre-court-plan-1-728x1030.jpg 728w, https:\/\/mottattom.org\/wp-content\/uploads\/2023\/01\/Libre-court-plan-1-212x300.jpg 212w, https:\/\/mottattom.org\/wp-content\/uploads\/2023\/01\/Libre-court-plan-1-768x1087.jpg 768w, https:\/\/mottattom.org\/wp-content\/uploads\/2023\/01\/Libre-court-plan-1-498x705.jpg 498w, https:\/\/mottattom.org\/wp-content\/uploads\/2023\/01\/Libre-court-plan-1.jpg 826w\" sizes=\"auto, (max-width: 728px) 100vw, 728px\" \/><\/figure>\n\n\n\n<p><\/p>\n\n\n\n<p><\/p>\n","protected":false},"excerpt":{"rendered":"<p>Espace attribu\u00e9 sur projets pour un maximum de quatre mois Libre court est un espace de travail \u00e0 MottAttoM propos\u00e9 pour des projets de courte dur\u00e9e d\u2019un maximum de 4 mois. MottattoM regroupe diff\u00e9rents artistes et artisans.C\u2019est un lieu propice \u00e0 la rencontre.Le local est attribu\u00e9 par un groupe de travail qui s\u00e9lectionne les projets.Une [&hellip;]<\/p>\n","protected":false},"author":21,"featured_media":0,"parent":0,"menu_order":0,"comment_status":"closed","ping_status":"closed","template":"","meta":{"footnotes":"","schedule_terms":[]},"class_list":["post-6481","page","type-page","status-publish","hentry"],"_links":{"self":[{"href":"https:\/\/mottattom.org\/de\/wp-json\/wp\/v2\/pages\/6481","targetHints":{"allow":["GET"]}}],"collection":[{"href":"https:\/\/mottattom.org\/de\/wp-json\/wp\/v2\/pages"}],"about":[{"href":"https:\/\/mottattom.org\/de\/wp-json\/wp\/v2\/types\/page"}],"author":[{"embeddable":true,"href":"https:\/\/mottattom.org\/de\/wp-json\/wp\/v2\/users\/21"}],"replies":[{"embeddable":true,"href":"https:\/\/mottattom.org\/de\/wp-json\/wp\/v2\/comments?post=6481"}],"version-history":[{"count":20,"href":"https:\/\/mottattom.org\/de\/wp-json\/wp\/v2\/pages\/6481\/revisions"}],"predecessor-version":[{"id":8463,"href":"https:\/\/mottattom.org\/de\/wp-json\/wp\/v2\/pages\/6481\/revisions\/8463"}],"wp:attachment":[{"href":"https:\/\/mottattom.org\/de\/wp-json\/wp\/v2\/media?parent=6481"}],"curies":[{"name":"wp","href":"https:\/\/api.w.org\/{rel}","templated":true}]}}