{"id":2431,"date":"2020-03-15T20:39:43","date_gmt":"2020-03-15T19:39:43","guid":{"rendered":"http:\/\/mottattom.org\/newsletter\/"},"modified":"2023-02-22T11:35:03","modified_gmt":"2023-02-22T10:35:03","slug":"newsletter","status":"publish","type":"page","link":"https:\/\/mottattom.org\/de\/newsletter\/","title":{"rendered":"Newsletter"},"content":{"rendered":"\n<style type=\"text\/css\" data-created_by=\"avia_inline_auto\" id=\"style-css-av-8o01po-87a89c33d96db094d01d2d53c4019bee\">\n.flex_column.av-8o01po-87a89c33d96db094d01d2d53c4019bee{\nborder-radius:0px 0px 0px 0px;\npadding:0px 0px 0px 0px;\n}\n<\/style>\n<div  class='flex_column av-8o01po-87a89c33d96db094d01d2d53c4019bee av_one_fourth  avia-builder-el-0  el_before_av_two_fifth  avia-builder-el-first  first flex_column_div av-zero-column-padding  '     ><style type=\"text\/css\" data-created_by=\"avia_inline_auto\" id=\"style-css-av-764ym4-c91356bffd5df7835ca3a395f6d2f180\">\n#top .av-special-heading.av-764ym4-c91356bffd5df7835ca3a395f6d2f180{\npadding-bottom:10px;\n}\nbody .av-special-heading.av-764ym4-c91356bffd5df7835ca3a395f6d2f180 .av-special-heading-tag .heading-char{\nfont-size:25px;\n}\n.av-special-heading.av-764ym4-c91356bffd5df7835ca3a395f6d2f180 .av-subheading{\nfont-size:15px;\n}\n<\/style>\n<div  class='av-special-heading av-764ym4-c91356bffd5df7835ca3a395f6d2f180 av-special-heading-h2 blockquote modern-quote  avia-builder-el-1  avia-builder-el-no-sibling '><h2 class='av-special-heading-tag '  itemprop=\"headline\"  ><span style=\"font-weight:bold\"><u>Newsletter<\/u><\/span><\/h2><div class=\"special-heading-border\"><div class=\"special-heading-inner-border\"><\/div><\/div><\/div><\/div>\n\n<style type=\"text\/css\" data-created_by=\"avia_inline_auto\" id=\"style-css-av-636zxo-23f035ac325c3c29d1bf125d64dad120\">\n.flex_column.av-636zxo-23f035ac325c3c29d1bf125d64dad120{\nborder-radius:0px 0px 0px 0px;\npadding:0px 0px 0px 0px;\n}\n<\/style>\n<div  class='flex_column av-636zxo-23f035ac325c3c29d1bf125d64dad120 av_two_fifth  avia-builder-el-2  el_after_av_one_fourth  avia-builder-el-last  flex_column_div av-zero-column-padding  '     ><p><section  class='av_textblock_section av-4vp2h8-75d32667050c662a2a26407fe368a587 '   itemscope=\"itemscope\" itemtype=\"https:\/\/schema.org\/CreativeWork\" ><div class='avia_textblock'  itemprop=\"text\" ><p>Abonnieren Sie unseren Newsletter, um mehr \u00fcber die von der MottAttoM Federation organisierten Veranstaltungen, die Neuigkeiten <a href=\"http:\/\/mottattom.org\/membres\/\">ihrer Verb\u00e4nde und ihrer Mitgliederand<\/a>, zu erfahren.<span class=\"Apple-converted-space\"> <\/span><\/p>\n<p><a href=\"#archive_anchor\"><em>Newsletter-Archiv<\/em><\/a><\/p>\n<\/div><\/section><br \/>\n<section  class='av_textblock_section av-l4371c5g-a3ae85241c69c5aeceaf9f8c4a37fb41 '   itemscope=\"itemscope\" itemtype=\"https:\/\/schema.org\/CreativeWork\" ><div class='avia_textblock'  itemprop=\"text\" >  \n  \n  <div class=\"\n    mailpoet_form_popup_overlay\n      \"><\/div>\n  <div\n    id=\"mailpoet_form_2\"\n    class=\"\n      mailpoet_form\n      mailpoet_form_shortcode\n      mailpoet_form_position_\n      mailpoet_form_animation_\n    \"\n      >\n\n    <style type=\"text\/css\">\n     #mailpoet_form_2 .mailpoet_form {  }\n#mailpoet_form_2 form { margin-bottom: 0; }\n#mailpoet_form_2 .mailpoet_column_with_background { padding: 10px; }\n#mailpoet_form_2 .mailpoet_form_column:not(:first-child) { margin-left: 20px; }\n#mailpoet_form_2 .mailpoet_paragraph { line-height: 20px; margin-bottom: 20px; }\n#mailpoet_form_2 .mailpoet_form_paragraph  last { margin-bottom: 0px; }\n#mailpoet_form_2 .mailpoet_segment_label, #mailpoet_form_2 .mailpoet_text_label, #mailpoet_form_2 .mailpoet_textarea_label, #mailpoet_form_2 .mailpoet_select_label, #mailpoet_form_2 .mailpoet_radio_label, #mailpoet_form_2 .mailpoet_checkbox_label, #mailpoet_form_2 .mailpoet_list_label, #mailpoet_form_2 .mailpoet_date_label { display: block; font-weight: normal; color: black; }\n#mailpoet_form_2 .mailpoet_text, #mailpoet_form_2 .mailpoet_textarea, #mailpoet_form_2 .mailpoet_select, #mailpoet_form_2 .mailpoet_date_month, #mailpoet_form_2 .mailpoet_date_day, #mailpoet_form_2 .mailpoet_date_year, #mailpoet_form_2 .mailpoet_date { display: block; }\n#mailpoet_form_2 .mailpoet_text, #mailpoet_form_2 .mailpoet_textarea { width: 200px; }\n#mailpoet_form_2 .mailpoet_checkbox {  }\n#mailpoet_form_2 .mailpoet_submit {  }\n#mailpoet_form_2 .mailpoet_divider {  }\n#mailpoet_form_2 .mailpoet_message {  }\n#mailpoet_form_2 .mailpoet_form_loading { width: 30px; text-align: center; line-height: normal; }\n#mailpoet_form_2 .mailpoet_form_loading > span { width: 5px; height: 5px; background-color: #5b5b5b; }\n#mailpoet_form_2 h2.mailpoet-heading { margin: 0 0 20px 0; }\n#mailpoet_form_2 h1.mailpoet-heading { margin: 0 0 10px; }#mailpoet_form_2{border-radius: 0px;background: linear-gradient(135deg,rgb(238,238,238) 0%,rgb(169,184,195) 100%);color: #ffffff;text-align: left;}#mailpoet_form_2 form.mailpoet_form {padding: 1px;}#mailpoet_form_2{width: 100%;}#mailpoet_form_2 .mailpoet_message {margin: 0; padding: 0 20px;}\n        #mailpoet_form_2 .mailpoet_validate_success {color: #000000}\n        #mailpoet_form_2 input.parsley-success {color: #000000}\n        #mailpoet_form_2 select.parsley-success {color: #000000}\n        #mailpoet_form_2 textarea.parsley-success {color: #000000}\n      \n        #mailpoet_form_2 .mailpoet_validate_error {color: #cf2e2e}\n        #mailpoet_form_2 input.parsley-error {color: #cf2e2e}\n        #mailpoet_form_2 select.parsley-error {color: #cf2e2e}\n        #mailpoet_form_2 textarea.textarea.parsley-error {color: #cf2e2e}\n        #mailpoet_form_2 .parsley-errors-list {color: #cf2e2e}\n        #mailpoet_form_2 .parsley-required {color: #cf2e2e}\n        #mailpoet_form_2 .parsley-custom-error-message {color: #cf2e2e}\n      #mailpoet_form_2 .mailpoet_paragraph.last {margin-bottom: 0} @media (max-width: 500px) {#mailpoet_form_2 {background: linear-gradient(135deg,rgb(238,238,238) 0%,rgb(169,184,195) 100%);}} @media (min-width: 500px) {#mailpoet_form_2 .last .mailpoet_paragraph:last-child {margin-bottom: 0}}  @media (max-width: 500px) {#mailpoet_form_2 .mailpoet_form_column:last-child .mailpoet_paragraph:last-child {margin-bottom: 0}} \n    <\/style>\n\n    <form\n      target=\"_self\"\n      method=\"post\"\n      action=\"https:\/\/mottattom.org\/wp-admin\/admin-post.php?action=mailpoet_subscription_form\"\n      class=\"mailpoet_form mailpoet_form_form mailpoet_form_shortcode\"\n      novalidate\n      data-delay=\"\"\n      data-exit-intent-enabled=\"\"\n      data-font-family=\"\"\n      data-cookie-expiration-time=\"\"\n    >\n      <input type=\"hidden\" name=\"data[form_id]\" value=\"2\" \/>\n      <input type=\"hidden\" name=\"token\" value=\"c31a59e553\" \/>\n      <input type=\"hidden\" name=\"api_version\" value=\"v1\" \/>\n      <input type=\"hidden\" name=\"endpoint\" value=\"subscribers\" \/>\n      <input type=\"hidden\" name=\"mailpoet_method\" value=\"subscribe\" \/>\n\n      <label class=\"mailpoet_hp_email_label\" style=\"display: none !important;\">Bitte dieses Feld leer lassen<input type=\"email\" name=\"data[email]\"\/><\/label><div class='mailpoet_form_columns_container'><div class=\"mailpoet_form_columns mailpoet_paragraph mailpoet_stack_on_mobile\"><div class=\"mailpoet_form_column\" style=\"flex-basis:10%;\"><\/div>\n<div class=\"mailpoet_form_column\" style=\"flex-basis:80%;\"><h2 class=\"mailpoet-heading  mailpoet-has-font-size\" style=\"text-align: center; color: #0693e3; font-size: 36px; line-height: 1\"><strong><span style=\"font-family: Oxygen\" data-font=\"Oxygen\" class=\"mailpoet-has-font\">Inscription sur notre mailing list<\/span><\/strong><\/h2>\n<div class=\"mailpoet_paragraph \"><style>input[name=\"data[form_field_Mjc1OWM0NGY2ODFlX2VtYWls]\"]::placeholder{color:#595656;opacity: 1;}<\/style><input type=\"email\" autocomplete=\"email\" class=\"mailpoet_text\" id=\"form_email_2\" name=\"data[form_field_Mjc1OWM0NGY2ODFlX2VtYWls]\" title=\"Adresse e-mail\" value=\"\" style=\"width:100%;box-sizing:border-box;background-color:#ffffff;border-style:solid;border-radius:4px !important;border-width:0px;padding:2px;margin: 0 auto 0 0;font-family:&#039;Oxygen&#039;;font-size:16px;line-height:1.5;height:auto;color:#595656;\" data-automation-id=\"form_email\"  placeholder=\"Adresse e-mail *\" aria-label=\"Adresse e-mail *\" data-parsley-errors-container=\".mailpoet_error_10nqq\" data-parsley-required=\"true\" required aria-required=\"true\" data-parsley-minlength=\"6\" data-parsley-maxlength=\"150\" data-parsley-type-message=\"Dieser Wert sollte eine g\u00fcltige E-Mail-Adresse sein.\" data-parsley-required-message=\"Dieses Feld wird ben\u00f6tigt.\"\/><span class=\"mailpoet_error_10nqq\"><\/span><\/div>\n<div class=\"mailpoet_paragraph \"><input type=\"text\" autocomplete=\"given-name\" class=\"mailpoet_text\" id=\"form_first_name_2\" name=\"data[form_field_NGZkYTBhY2YwZDFlX2ZpcnN0X25hbWU=]\" title=\"Pr\u00e9nom\" value=\"\" style=\"width:100%;box-sizing:border-box;padding:2px;margin: 0 auto 0 0;font-family:&#039;Oxygen&#039;;font-size:16px;line-height:1.5;height:auto;\" data-automation-id=\"form_first_name\"  placeholder=\"Pr\u00e9nom\" aria-label=\"Pr\u00e9nom\" data-parsley-errors-container=\".mailpoet_error_150sb\" data-parsley-names='[&quot;Bitte gib einen g\u00fcltigen Namen an.&quot;,&quot;Adressen in Namen sind nicht erlaubt, bitte f\u00fcge stattdessen deinen Namen hinzu.&quot;]'\/><span class=\"mailpoet_error_150sb\"><\/span><\/div>\n<div class=\"mailpoet_paragraph \"><input type=\"text\" autocomplete=\"family-name\" class=\"mailpoet_text\" id=\"form_last_name_2\" name=\"data[form_field_YTA3MjE1OWFlYTIwX2xhc3RfbmFtZQ==]\" title=\"Nom\" value=\"\" style=\"width:100%;box-sizing:border-box;padding:2px;margin: 0 auto 0 0;font-family:&#039;Oxygen&#039;;font-size:16px;line-height:1.5;height:auto;\" data-automation-id=\"form_last_name\"  placeholder=\"Nom\" aria-label=\"Nom\" data-parsley-errors-container=\".mailpoet_error_19kk3\" data-parsley-names='[&quot;Bitte gib einen g\u00fcltigen Namen an.&quot;,&quot;Adressen in Namen sind nicht erlaubt, bitte f\u00fcge stattdessen deinen Namen hinzu.&quot;]'\/><span class=\"mailpoet_error_19kk3\"><\/span><\/div>\n<div class=\"mailpoet_paragraph \"><input type=\"text\" autocomplete=\"on\" class=\"mailpoet_text\" id=\"form_1_2\" name=\"data[cf_1]\" title=\"t\u00e9l\u00e9phone\" value=\"\" style=\"width:100%;box-sizing:border-box;padding:2px;margin: 0 auto 0 0;font-family:&#039;Oxygen&#039;;font-size:16px;line-height:1.5;height:auto;\"   placeholder=\"t\u00e9l\u00e9phone\" aria-label=\"t\u00e9l\u00e9phone\" data-parsley-errors-container=\".mailpoet_error_i5pas\" data-parsley-pattern=\"^[\\d\\+\\-\\.\\(\\)\\\/\\s]*$\" data-parsley-error-message=\"Bitte gib eine g\u00fcltige Telefonnummer an.\"\/><span class=\"mailpoet_error_i5pas\"><\/span><\/div>\n<div class=\"mailpoet_paragraph \"><fieldset><legend class=\"mailpoet_segment_label\" style=\"font-size: 16px;line-height: 1.2;\">contexte de votre inscription (plusieurs options possibles)<\/legend><label class=\"mailpoet_checkbox_label\" for=\"mailpoet_segment_1\" style=\"font-size: 16px;line-height: 1.2;\"><input type=\"checkbox\" class=\"mailpoet_checkbox\" id=\"mailpoet_segment_1\" name=\"data[form_field_ZmNmNjNhMDQyNjU2X3NlZ21lbnRz][]\" value=\"4\"  data-parsley-errors-container=\".mailpoet_error_78d6a\" data-parsley-required=\"true\" required aria-required=\"true\" data-parsley-group=\"segments\" data-parsley-required-message=\"Bitte w\u00e4hle eine Liste aus.\" \/> amis MottAttoM<\/label><label class=\"mailpoet_checkbox_label\" for=\"mailpoet_segment_2\" style=\"font-size: 16px;line-height: 1.2;\"><input type=\"checkbox\" class=\"mailpoet_checkbox\" id=\"mailpoet_segment_2\" name=\"data[form_field_ZmNmNjNhMDQyNjU2X3NlZ21lbnRz][]\" value=\"9\"  data-parsley-errors-container=\".mailpoet_error_78d6a\" data-parsley-required=\"true\" required aria-required=\"true\" data-parsley-group=\"segments\" data-parsley-required-message=\"Bitte w\u00e4hle eine Liste aus.\" \/> CineMottA<\/label><label class=\"mailpoet_checkbox_label\" for=\"mailpoet_segment_3\" style=\"font-size: 16px;line-height: 1.2;\"><input type=\"checkbox\" class=\"mailpoet_checkbox\" id=\"mailpoet_segment_3\" name=\"data[form_field_ZmNmNjNhMDQyNjU2X3NlZ21lbnRz][]\" value=\"35\"  data-parsley-errors-container=\".mailpoet_error_78d6a\" data-parsley-required=\"true\" required aria-required=\"true\" data-parsley-group=\"segments\" data-parsley-required-message=\"Bitte w\u00e4hle eine Liste aus.\" \/> Espace Libre-Court<\/label><label class=\"mailpoet_checkbox_label\" for=\"mailpoet_segment_4\" style=\"font-size: 16px;line-height: 1.2;\"><input type=\"checkbox\" class=\"mailpoet_checkbox\" id=\"mailpoet_segment_4\" name=\"data[form_field_ZmNmNjNhMDQyNjU2X3NlZ21lbnRz][]\" value=\"14\"  data-parsley-errors-container=\".mailpoet_error_78d6a\" data-parsley-required=\"true\" required aria-required=\"true\" data-parsley-group=\"segments\" data-parsley-required-message=\"Bitte w\u00e4hle eine Liste aus.\" \/> membres passifs<\/label><label class=\"mailpoet_checkbox_label\" for=\"mailpoet_segment_5\" style=\"font-size: 16px;line-height: 1.2;\"><input type=\"checkbox\" class=\"mailpoet_checkbox\" id=\"mailpoet_segment_5\" name=\"data[form_field_ZmNmNjNhMDQyNjU2X3NlZ21lbnRz][]\" value=\"5\"  data-parsley-errors-container=\".mailpoet_error_78d6a\" data-parsley-required=\"true\" required aria-required=\"true\" data-parsley-group=\"segments\" data-parsley-required-message=\"Bitte w\u00e4hle eine Liste aus.\" \/> Milongas<\/label><label class=\"mailpoet_checkbox_label\" for=\"mailpoet_segment_6\" style=\"font-size: 16px;line-height: 1.2;\"><input type=\"checkbox\" class=\"mailpoet_checkbox\" id=\"mailpoet_segment_6\" name=\"data[form_field_ZmNmNjNhMDQyNjU2X3NlZ21lbnRz][]\" value=\"6\"  data-parsley-errors-container=\".mailpoet_error_78d6a\" data-parsley-required=\"true\" required aria-required=\"true\" data-parsley-group=\"segments\" data-parsley-required-message=\"Bitte w\u00e4hle eine Liste aus.\" \/> ProjetM<\/label><span class=\"mailpoet_error_78d6a\"><\/span><\/fieldset><\/div>\n<div class=\"mailpoet_paragraph \"><textarea class=\"mailpoet_textarea\" data-automation-id=\"form_custom_text_area\" rows=\"1\" name=\"data[cf_10]\" placeholder=\"commentaires *\" aria-label=\"commentaires *\" data-parsley-errors-container=\".mailpoet_error_5fgiz\" data-parsley-required=\"true\" required aria-required=\"true\" data-parsley-required-message=\"Dieses Feld wird ben\u00f6tigt.\"style=\"width:100%;box-sizing:border-box;padding:2px;margin: 0 auto 0 0;font-family:&#039;Oxygen&#039;;font-size:16px;line-height:1.5;height:auto;\" ><\/textarea><span class=\"mailpoet_error_5fgiz\"><\/span><\/div>\n<p class=\"mailpoet_form_paragraph \" style=\"text-align: left; color: #4f5a65\"><em>entrer un petit commentaire pour que nous puissions vous distinguer d'uen robot<\/em><\/p>\n<div class=\"mailpoet_paragraph \"><input type=\"submit\" class=\"mailpoet_submit\" value=\"soumettre\" data-automation-id=\"subscribe-submit-button\" data-font-family='Oxygen' style=\"width:100%;box-sizing:border-box;background-color:#ce4e09;border-style:solid;border-radius:4px !important;border-width:0px;padding:5px;margin: 0 auto 0 0;font-family:&#039;Oxygen&#039;;font-size:20px;line-height:1.5;height:auto;color:#ffffff;border-color:transparent;font-weight:bold;\" \/><span class=\"mailpoet_form_loading\"><span class=\"mailpoet_bounce1\"><\/span><span class=\"mailpoet_bounce2\"><\/span><span class=\"mailpoet_bounce3\"><\/span><\/span><\/div>\n<\/div>\n<div class=\"mailpoet_form_column\" style=\"flex-basis:10%;\"><\/div>\n<\/div><\/div>\n<p class=\"mailpoet_form_paragraph  mailpoet-has-background-color mailpoet-has-font-size\" style=\"background-color: #f0f0f0; text-align: center; color: #000000; font-size: 20px\"><span style=\"font-family: Oxygen\" data-font=\"Oxygen\" class=\"mailpoet-has-font\"><strong>Nous ne spammons pas\u00a0! Consultez notre <\/strong><\/span><a href=\"http:\/\/mottattom.org\/politique-de-confidentialite\/\" target=\"_blank\" rel=\"noreferrer noopener\">politique de confidentialit\u00e9<\/a><span style=\"font-family: Oxygen\" data-font=\"Oxygen\" class=\"mailpoet-has-font\"><strong> pour plus d\u2019informations.<\/strong><\/span><\/p>\n\n      <div class=\"mailpoet_message\">\n        <p class=\"mailpoet_validate_success\"\n                style=\"display:none;\"\n                >V\u00e9rifiez votre boite de r\u00e9ception ou votre r\u00e9pertoire d\u2019ind\u00e9sirables pour confirmer votre abonnement.\n        <\/p>\n        <p class=\"mailpoet_validate_error\"\n                style=\"display:none;\"\n                >        <\/p>\n      <\/div>\n    <\/form>\n\n      <\/div>\n\n  \n<\/div><\/section><br \/>\n<section  class='av_textblock_section av-lefilacg-3d08149d784d9b447074f99053e491d5 '   itemscope=\"itemscope\" itemtype=\"https:\/\/schema.org\/CreativeWork\" ><div class='avia_textblock'  itemprop=\"text\" ><p id=\"archive_anchor\">Newsletter-Archiv :<\/p>\n<ul class=\"mailpoet_archive\"><li><span class=\"mailpoet_archive_date\">20 Juni 2023<\/span>\n          <span class=\"mailpoet_archive_subject\"><a href=\"https:\/\/mottattom.org\/de\/?mailpoet_router&amp;endpoint=view_in_browser&amp;action=view&amp;data=WzMwLCI0YzI5MWNjYTEwMmQiLDAsMCwzMCwxXQ\" target=\"_blank\" title=\"Vorschau in neuem Tab anzeigen\">MottAttoM Newsletter ETE 2023<\/a><\/span>\n        <\/li><li><span class=\"mailpoet_archive_date\">11 Mai 2023<\/span>\n          <span class=\"mailpoet_archive_subject\"><a href=\"https:\/\/mottattom.org\/de\/?mailpoet_router&amp;endpoint=view_in_browser&amp;action=view&amp;data=WzI5LCI1MmI3Y2IwN2JmZjEiLDAsMCwyOSwxXQ\" target=\"_blank\" title=\"Vorschau in neuem Tab anzeigen\">MottAttoM Newsletter mai juin ERRATUM !!<\/a><\/span>\n        <\/li><li><span class=\"mailpoet_archive_date\">10 Mai 2023<\/span>\n          <span class=\"mailpoet_archive_subject\"><a href=\"https:\/\/mottattom.org\/de\/?mailpoet_router&amp;endpoint=view_in_browser&amp;action=view&amp;data=WzI4LCJhZDYzMWVkNWE0N2IiLDAsMCwyOCwxXQ\" target=\"_blank\" title=\"Vorschau in neuem Tab anzeigen\">MottAttoM Newsletter mai juin 2023<\/a><\/span>\n        <\/li><li><span class=\"mailpoet_archive_date\">23 Februar 2023<\/span>\n          <span class=\"mailpoet_archive_subject\"><a href=\"https:\/\/mottattom.org\/de\/?mailpoet_router&amp;endpoint=view_in_browser&amp;action=view&amp;data=WzI1LCI3NDg2OGUwY2FjNTkiLDAsMCwyNywxXQ\" target=\"_blank\" title=\"Vorschau in neuem Tab anzeigen\">MottAttoM Newsletter f\u00e9vrier - mars 2023<\/a><\/span>\n        <\/li><li><span class=\"mailpoet_archive_date\">17 Januar 2023<\/span>\n          <span class=\"mailpoet_archive_subject\"><a href=\"https:\/\/mottattom.org\/de\/?mailpoet_router&amp;endpoint=view_in_browser&amp;action=view&amp;data=WzI0LCI4MTU3MjY0YTFhMWMiLDAsMCwyNiwxXQ\" target=\"_blank\" title=\"Vorschau in neuem Tab anzeigen\">MottAttoM Newsletter janvier 2023<\/a><\/span>\n        <\/li><li><span class=\"mailpoet_archive_date\">24 November 2022<\/span>\n          <span class=\"mailpoet_archive_subject\"><a href=\"https:\/\/mottattom.org\/de\/?mailpoet_router&amp;endpoint=view_in_browser&amp;action=view&amp;data=WzIzLCI3NTI2ZWQ5N2YxMmYiLDAsMCwyNSwxXQ\" target=\"_blank\" title=\"Vorschau in neuem Tab anzeigen\">MottAttoM Newsletter novembre-d\u00e9cembre 2022<\/a><\/span>\n        <\/li><li><span class=\"mailpoet_archive_date\">30 Oktober 2022<\/span>\n          <span class=\"mailpoet_archive_subject\"><a href=\"https:\/\/mottattom.org\/de\/?mailpoet_router&amp;endpoint=view_in_browser&amp;action=view&amp;data=WzIyLCI3ZTc4MTkyNzU1OGEiLDAsMCwyNCwxXQ\" target=\"_blank\" title=\"Vorschau in neuem Tab anzeigen\">MottAttoM Newsletter novembre 2022<\/a><\/span>\n        <\/li><li><span class=\"mailpoet_archive_date\">3 Oktober 2022<\/span>\n          <span class=\"mailpoet_archive_subject\"><a href=\"https:\/\/mottattom.org\/de\/?mailpoet_router&amp;endpoint=view_in_browser&amp;action=view&amp;data=WzIwLCJlODc1ZGVhNzg0OWIiLDAsMCwyMiwxXQ\" target=\"_blank\" title=\"Vorschau in neuem Tab anzeigen\">MottAttoM Newsletter octobre 2022<\/a><\/span>\n        <\/li><li><span class=\"mailpoet_archive_date\">8 September 2022<\/span>\n          <span class=\"mailpoet_archive_subject\"><a href=\"https:\/\/mottattom.org\/de\/?mailpoet_router&amp;endpoint=view_in_browser&amp;action=view&amp;data=WzE4LCIzZjIyNjBlMzg2M2QiLDAsMCwyMSwxXQ\" target=\"_blank\" title=\"Vorschau in neuem Tab anzeigen\">MottAttoM Newsletter septembre 2022<\/a><\/span>\n        <\/li><li><span class=\"mailpoet_archive_date\">29 Juni 2022<\/span>\n          <span class=\"mailpoet_archive_subject\"><a href=\"https:\/\/mottattom.org\/de\/?mailpoet_router&amp;endpoint=view_in_browser&amp;action=view&amp;data=WzE2LCIyZDkyNTk0ZjgyMDciLDAsMCwyMCwxXQ\" target=\"_blank\" title=\"Vorschau in neuem Tab anzeigen\">MottAttoM Newsletter juin 2022<\/a><\/span>\n        <\/li><\/ul>\n<\/div><\/section><\/p><\/div>\n","protected":false},"excerpt":{"rendered":"","protected":false},"author":4,"featured_media":0,"parent":0,"menu_order":0,"comment_status":"closed","ping_status":"closed","template":"","meta":{"footnotes":"","schedule_terms":[]},"class_list":["post-2431","page","type-page","status-publish","hentry"],"_links":{"self":[{"href":"https:\/\/mottattom.org\/de\/wp-json\/wp\/v2\/pages\/2431","targetHints":{"allow":["GET"]}}],"collection":[{"href":"https:\/\/mottattom.org\/de\/wp-json\/wp\/v2\/pages"}],"about":[{"href":"https:\/\/mottattom.org\/de\/wp-json\/wp\/v2\/types\/page"}],"author":[{"embeddable":true,"href":"https:\/\/mottattom.org\/de\/wp-json\/wp\/v2\/users\/4"}],"replies":[{"embeddable":true,"href":"https:\/\/mottattom.org\/de\/wp-json\/wp\/v2\/comments?post=2431"}],"version-history":[{"count":23,"href":"https:\/\/mottattom.org\/de\/wp-json\/wp\/v2\/pages\/2431\/revisions"}],"predecessor-version":[{"id":7536,"href":"https:\/\/mottattom.org\/de\/wp-json\/wp\/v2\/pages\/2431\/revisions\/7536"}],"wp:attachment":[{"href":"https:\/\/mottattom.org\/de\/wp-json\/wp\/v2\/media?parent=2431"}],"curies":[{"name":"wp","href":"https:\/\/api.w.org\/{rel}","templated":true}]}}