{"id":2358,"date":"2018-12-14T18:28:54","date_gmt":"2018-12-14T17:28:54","guid":{"rendered":"http:\/\/mottattom.org\/mine\/mine-tarifs\/"},"modified":"2020-01-29T15:08:24","modified_gmt":"2020-01-29T14:08:24","slug":"mine-tarifs","status":"publish","type":"page","link":"https:\/\/mottattom.org\/de\/mine\/mine-tarifs\/","title":{"rendered":"Preise"},"content":{"rendered":"\n<style type=\"text\/css\" data-created_by=\"avia_inline_auto\" id=\"style-css-av-av_two_third-9497bbf8bff73ea4c6992cc17fa9ec36\">\n.flex_column.av-av_two_third-9497bbf8bff73ea4c6992cc17fa9ec36{\nborder-radius:0px 0px 0px 0px;\npadding:0px 0px 0px 0px;\n}\n<\/style>\n<div  class='flex_column av-av_two_third-9497bbf8bff73ea4c6992cc17fa9ec36 av_two_third  avia-builder-el-0  avia-builder-el-no-sibling  first flex_column_div av-zero-column-padding  '     ><section  class='av_textblock_section av-av_textblock-0366cc7376be6c9e82a3e9cc8987b64f '   itemscope=\"itemscope\" itemtype=\"https:\/\/schema.org\/CreativeWork\" ><div class='avia_textblock'  itemprop=\"text\" ><div class=\"content\">\n<div class=\"field field-name-field-publication field-type-text-with-summary field-label-hidden\">\n<div class=\"field-items\">\n<div class=\"field-item even\">\n<h2><strong>MottAttoM, grande salle \u201cLa Mine\u201d<\/strong><\/h2>\n<h2><u><strong>Tarifs<\/strong><\/u><\/h2>\n<p>(<em>indicatif, peut \u00eatre sujet \u00e0 ajustements<\/em>):<\/p>\n<p>\u2013 <strong>1 \u00e0 4 jours<\/strong>: CHF 150.-\/ jour<br \/>\n\u2013 de <strong>5 jours \u00e0 2 semaines<\/strong>: CHF 650.-\/ semaine<br \/>\n\u2013 <strong>3\u00a0semaines<\/strong>\u00a0: CHF 1500.-<br \/>\n\u2013 <strong>4 semaines<\/strong>\u00a0: CHF 1800.-<br \/>\n\u2013 <strong>plus de 4 semaines<\/strong> : pour chaque jour ou semaine suppl\u00e9mentaire, selon mod\u00e8le ci-dessus.<\/p>\n<ul>\n<li>\u2013 <strong>En sus<\/strong> :\n<ul>\n<li><strong>nettoyage<\/strong>, sur demande ou si l&#8217;\u00e9tat de la salle le n\u00e9cessite apr\u00e8s restitution (<strong>50chf \/ heure<\/strong>).<\/li>\n<li><strong>consommation \u00e9lectrique<\/strong> selon relev\u00e9 de compteur (<strong>0.39\u00a0 chf \/ kWh<\/strong>).<\/li>\n<\/ul>\n<\/li>\n<\/ul>\n<p><strong>NB : l\u2019isolation de la salle est minimale, et le chauffage peu efficace. Des soufflantes d\u2019appoint sont disponibles sur place.<\/strong><\/p>\n<p><strong>Les soufflantes et l&#8217;\u00e9clairage sont gourmands en courant \u00e9lectrique :\u00a0<\/strong><\/p>\n<table border=\"1\" cellspacing=\"1\" cellpadding=\"1\">\n<tbody>\n<tr>\n<td>1<\/td>\n<td>soufflantes<\/td>\n<td>9\u00a0kW<\/td>\n<\/tr>\n<tr>\n<td>2<\/td>\n<td>soufflante<\/td>\n<td>15\u00a0kW<\/td>\n<\/tr>\n<tr>\n<td>1<\/td>\n<td>plafond d&#8217;\u00e9clairage fluorescents<\/td>\n<td>~3,5\u00a0kW<\/td>\n<\/tr>\n<tr>\n<td><strong>1<\/strong><\/td>\n<td><strong>journ\u00e9e<\/strong> de <strong>8 heures<\/strong>, les 3 soufflantes et l&#8217;\u00e9clairage au <strong>maximum<\/strong><\/td>\n<td><strong>340\u00a0kW<\/strong><\/td>\n<\/tr>\n<tr>\n<td colspan=\"3\"><\/td>\n<\/tr>\n<tr>\n<td colspan=\"1\" rowspan=\"2\"><\/td>\n<td colspan=\"2\" rowspan=\"1\">\n<p class=\"rtecenter\"><strong>340\u00a0KwH x 0.39 chf =\u00a0132.60 CHF\u00a0<\/strong><\/p>\n<\/td>\n<\/tr>\n<tr>\n<td colspan=\"2\" rowspan=\"1\"><strong>calcul indicatif&#8230;.on peut r\u00e9gler les thermostats, ne pas utiliser les 3 appareils, ouvrir les rideaux&#8230;<\/strong><\/p>\n<p><strong>&#8230;. tout cela r\u00e9duira sensiblement la moyenne&#8230;.<\/strong><\/td>\n<\/tr>\n<\/tbody>\n<\/table>\n<\/div>\n<\/div>\n<\/div>\n<\/div>\n<\/div><\/section><\/div>\n","protected":false},"excerpt":{"rendered":"","protected":false},"author":4,"featured_media":0,"parent":1607,"menu_order":0,"comment_status":"closed","ping_status":"closed","template":"","meta":{"footnotes":"","schedule_terms":[]},"class_list":["post-2358","page","type-page","status-publish","hentry"],"_links":{"self":[{"href":"https:\/\/mottattom.org\/de\/wp-json\/wp\/v2\/pages\/2358","targetHints":{"allow":["GET"]}}],"collection":[{"href":"https:\/\/mottattom.org\/de\/wp-json\/wp\/v2\/pages"}],"about":[{"href":"https:\/\/mottattom.org\/de\/wp-json\/wp\/v2\/types\/page"}],"author":[{"embeddable":true,"href":"https:\/\/mottattom.org\/de\/wp-json\/wp\/v2\/users\/4"}],"replies":[{"embeddable":true,"href":"https:\/\/mottattom.org\/de\/wp-json\/wp\/v2\/comments?post=2358"}],"version-history":[{"count":2,"href":"https:\/\/mottattom.org\/de\/wp-json\/wp\/v2\/pages\/2358\/revisions"}],"predecessor-version":[{"id":7214,"href":"https:\/\/mottattom.org\/de\/wp-json\/wp\/v2\/pages\/2358\/revisions\/7214"}],"up":[{"embeddable":true,"href":"https:\/\/mottattom.org\/de\/wp-json\/wp\/v2\/pages\/1607"}],"wp:attachment":[{"href":"https:\/\/mottattom.org\/de\/wp-json\/wp\/v2\/media?parent=2358"}],"curies":[{"name":"wp","href":"https:\/\/api.w.org\/{rel}","templated":true}]}}