{"id":1630,"date":"2018-12-14T16:18:41","date_gmt":"2018-12-14T15:18:41","guid":{"rendered":"http:\/\/mottattom.org\/la-mine-presentation\/la-mine-fiche-technique\/"},"modified":"2023-02-20T15:45:23","modified_gmt":"2023-02-20T14:45:23","slug":"fiche-technique","status":"publish","type":"page","link":"https:\/\/mottattom.org\/de\/mine\/fiche-technique\/","title":{"rendered":"Fiche technique"},"content":{"rendered":"<section  class='av_textblock_section av-8ni0we-c4e31c012289d5555c64ee936e6ee9fd '   itemscope=\"itemscope\" itemtype=\"https:\/\/schema.org\/CreativeWork\" ><div class='avia_textblock'  itemprop=\"text\" ><h2><\/h2>\n<h2><strong>MottAttoM, grande salle \u201cLa Mine\u201d<\/strong><\/h2>\n<\/div><\/section>\n<\/div><\/div><\/div><!-- close content main div --><\/div><\/div><div class='clear'><\/div><div id='sub_menu1'  class='av-submenu-container av-7rvh8u-3106c9d399b29163c907ca330eceb541 main_color  avia-builder-el-1  el_after_av_textblock  el_before_av_one_full  av-sticky-submenu submenu-not-first container_wrap fullsize' style='z-index:301' ><div class='container av-menu-mobile-disabled av-submenu-pos-center'><ul id=\"menu-mine-allemand\" class=\"av-subnav-menu\" role=\"menu\"><li role=\"menuitem\" id=\"menu-item-4686\" class=\"menu-item menu-item-type-post_type menu-item-object-page menu-item-top-level menu-item-top-level-1\"><a href=\"https:\/\/mottattom.org\/de\/mine\/\" itemprop=\"url\" tabindex=\"0\"><span class=\"avia-bullet\"><\/span><span class=\"avia-menu-text\">La Mine<\/span><span class=\"avia-menu-fx\"><span class=\"avia-arrow-wrap\"><span class=\"avia-arrow\"><\/span><\/span><\/span><\/a><\/li>\n<li role=\"menuitem\" id=\"menu-item-4687\" class=\"menu-item menu-item-type-post_type menu-item-object-page menu-item-top-level menu-item-top-level-2\"><a href=\"https:\/\/mottattom.org\/de\/mine\/fiche-technique\/\" itemprop=\"url\" tabindex=\"0\"><span class=\"avia-bullet\"><\/span><span class=\"avia-menu-text\">Fiche technique<\/span><span class=\"avia-menu-fx\"><span class=\"avia-arrow-wrap\"><span class=\"avia-arrow\"><\/span><\/span><\/span><\/a><\/li>\n<li role=\"menuitem\" id=\"menu-item-4688\" class=\"menu-item menu-item-type-post_type menu-item-object-page menu-item-top-level menu-item-top-level-3\"><a href=\"https:\/\/mottattom.org\/de\/mine\/mine-photos\/\" itemprop=\"url\" tabindex=\"0\"><span class=\"avia-bullet\"><\/span><span class=\"avia-menu-text\">Photos<\/span><span class=\"avia-menu-fx\"><span class=\"avia-arrow-wrap\"><span class=\"avia-arrow\"><\/span><\/span><\/span><\/a><\/li>\n<li role=\"menuitem\" id=\"menu-item-7148\" class=\"menu-item menu-item-type-post_type menu-item-object-page menu-item-top-level menu-item-top-level-4\"><a href=\"https:\/\/mottattom.org\/de\/mine\/videos\/\" itemprop=\"url\" tabindex=\"0\"><span class=\"avia-bullet\"><\/span><span class=\"avia-menu-text\">Vid\u00e9os<\/span><span class=\"avia-menu-fx\"><span class=\"avia-arrow-wrap\"><span class=\"avia-arrow\"><\/span><\/span><\/span><\/a><\/li>\n<li role=\"menuitem\" id=\"menu-item-4689\" class=\"menu-item menu-item-type-post_type menu-item-object-page menu-item-top-level menu-item-top-level-5\"><a href=\"https:\/\/mottattom.org\/de\/mine\/mine-conditions\/\" itemprop=\"url\" tabindex=\"0\"><span class=\"avia-bullet\"><\/span><span class=\"avia-menu-text\">Conditions<\/span><span class=\"avia-menu-fx\"><span class=\"avia-arrow-wrap\"><span class=\"avia-arrow\"><\/span><\/span><\/span><\/a><\/li>\n<li role=\"menuitem\" id=\"menu-item-4690\" class=\"menu-item menu-item-type-post_type menu-item-object-page menu-item-top-level menu-item-top-level-6\"><a href=\"https:\/\/mottattom.org\/de\/mine\/mine-tarifs\/\" itemprop=\"url\" tabindex=\"0\"><span class=\"avia-bullet\"><\/span><span class=\"avia-menu-text\">Preise<\/span><span class=\"avia-menu-fx\"><span class=\"avia-arrow-wrap\"><span class=\"avia-arrow\"><\/span><\/span><\/span><\/a><\/li>\n<li role=\"menuitem\" id=\"menu-item-7149\" class=\"menu-item menu-item-type-post_type menu-item-object-page menu-item-top-level menu-item-top-level-7\"><a href=\"https:\/\/mottattom.org\/de\/mine\/agenda\/\" itemprop=\"url\" tabindex=\"0\"><span class=\"avia-bullet\"><\/span><span class=\"avia-menu-text\">Agenda und Reservierungen<\/span><span class=\"avia-menu-fx\"><span class=\"avia-arrow-wrap\"><span class=\"avia-arrow\"><\/span><\/span><\/span><\/a><\/li>\n<\/ul><\/div><\/div><div class='sticky_placeholder'><\/div><div id='after_submenu_1'  class='main_color av_default_container_wrap container_wrap fullsize'  ><div class='container av-section-cont-open' ><div class='template-page content  av-content-full alpha units'><div class='post-entry post-entry-type-page post-entry-1630'><div class='entry-content-wrapper clearfix'>\n<div  class='flex_column av-2z2772-13bd1357b949b4e30029bbf83b2c044d av_one_full  avia-builder-el-2  el_after_av_submenu  el_before_av_textblock  avia-builder-el-first  first flex_column_div  '     ><section  class='av_textblock_section av-ldlv5zvy-230d95c12838489ed5ee18ed4cd4d9e3 '   itemscope=\"itemscope\" itemtype=\"https:\/\/schema.org\/CreativeWork\" ><div class='avia_textblock'  itemprop=\"text\" ><p>RAPPELS IMPORTANTS :<\/p>\n<ul>\n<li>L\u2019enveloppe de la salle est ancienne et rudimentaire : baies vitr\u00e9es tr\u00e8s fines, toiture en t\u00f4le\u2026 D\u00e8s lors les \u00e9carts de temp\u00e9rature peuvent \u00eatre importants, et le silence n\u2019est en g\u00e9n\u00e9ral pas possible (la t\u00f4le se dilate, est un terrain de jeux pour les corneilles et la pluie exprime ses plus belles symphonies\u2026).<br \/>\nLa salle\u00a0peut donc ne pas convenir \u00e0 certaines exigences.<\/li>\n<li>la salle n\u2019est pas lou\u00e9e, en vertu\u00a0du contrat de pr\u00eat \u00e0 usage liant la f\u00e9d\u00e9ration \u00e0 la Ville de Gen\u00e8ve. La facturation couvre uniquement les charges g\u00e9n\u00e9rales, administratives et de maintenance.<\/li>\n<li><strong>L\u2019utilisation de mat\u00e9riel technique, celui de la salle ou apport\u00e9 de l\u2019ext\u00e9rieur, ainsi que l\u2019appel \u00e0 des prestataires de service, sont soumises \u00e0 autorisation.<\/strong><\/li>\n<\/ul>\n<\/div><\/section><\/div><section  class='av_textblock_section av-s3zy-98fa64adc99366ada27f69ec1489223e '   itemscope=\"itemscope\" itemtype=\"https:\/\/schema.org\/CreativeWork\" ><div class='avia_textblock'  itemprop=\"text\" ><div class=\"content\">\n<div class=\"field field-name-field-publication field-type-text-with-summary field-label-hidden\">\n<div class=\"field-items\">\n<div class=\"field-item even\">\n<p style=\"text-align: right;\"><em><a href=\"https:\/\/docs.google.com\/document\/d\/1CDyZWlR_wK-W-iJWvcvrU2KYtpVDv8EwUwOE8IhGZUo\/export?format=pdf\" target=\"_blank\" rel=\"noopener noreferrer\">T\u00e9l\u00e9charger le PDF<\/a><\/em><\/p>\n<p><iframe loading=\"lazy\" style=\"border-style: solid; border-width: 2px;\" src=\"https:\/\/docs.google.com\/document\/d\/e\/2PACX-1vTNmmC8j4aCB4krGvvvz_ZsklW4hwQ4acxPYgGflOVczaPpTBhGJVhPjcNzIrZxNSY5lRHFE-kgTeg8\/pub?embedded=true\" width=\"100%\" height=\"850\"><\/iframe><\/p>\n<h1>plans<\/h1>\n<div><\/div>\n<div><a href=\"https:\/\/drive.google.com\/open?id=1bH1NiypmG--8r2J3gPfAfYtohPKmEr82\" target=\"_blank\" rel=\"noopener noreferrer\"><img loading=\"lazy\" decoding=\"async\" class=\"alignnone wp-image-2266 \" src=\"http:\/\/mottattom.org\/wp-content\/uploads\/2019\/12\/plan.jpg\" alt=\"\" width=\"662\" height=\"468\" srcset=\"https:\/\/mottattom.org\/wp-content\/uploads\/2019\/12\/plan.jpg 2339w, https:\/\/mottattom.org\/wp-content\/uploads\/2019\/12\/plan-300x212.jpg 300w, https:\/\/mottattom.org\/wp-content\/uploads\/2019\/12\/plan-768x543.jpg 768w, https:\/\/mottattom.org\/wp-content\/uploads\/2019\/12\/plan-1030x728.jpg 1030w, https:\/\/mottattom.org\/wp-content\/uploads\/2019\/12\/plan-1500x1061.jpg 1500w, https:\/\/mottattom.org\/wp-content\/uploads\/2019\/12\/plan-260x185.jpg 260w, https:\/\/mottattom.org\/wp-content\/uploads\/2019\/12\/plan-705x499.jpg 705w, https:\/\/mottattom.org\/wp-content\/uploads\/2019\/12\/plan-450x318.jpg 450w\" sizes=\"auto, (max-width: 662px) 100vw, 662px\" \/><\/a><a href=\"https:\/\/drive.google.com\/open?id=1Uhi_fmYEO6s1DS8yjCxdxMcT32eHtllT\" target=\"_blank\" rel=\"noopener noreferrer\"><img loading=\"lazy\" decoding=\"async\" class=\"alignnone wp-image-2265 \" src=\"http:\/\/mottattom.org\/wp-content\/uploads\/2019\/12\/coupes.jpg\" alt=\"\" width=\"654\" height=\"463\" srcset=\"https:\/\/mottattom.org\/wp-content\/uploads\/2019\/12\/coupes.jpg 2339w, https:\/\/mottattom.org\/wp-content\/uploads\/2019\/12\/coupes-300x212.jpg 300w, https:\/\/mottattom.org\/wp-content\/uploads\/2019\/12\/coupes-768x543.jpg 768w, https:\/\/mottattom.org\/wp-content\/uploads\/2019\/12\/coupes-1030x728.jpg 1030w, https:\/\/mottattom.org\/wp-content\/uploads\/2019\/12\/coupes-1500x1061.jpg 1500w, https:\/\/mottattom.org\/wp-content\/uploads\/2019\/12\/coupes-260x185.jpg 260w, https:\/\/mottattom.org\/wp-content\/uploads\/2019\/12\/coupes-705x499.jpg 705w, https:\/\/mottattom.org\/wp-content\/uploads\/2019\/12\/coupes-450x318.jpg 450w\" sizes=\"auto, (max-width: 654px) 100vw, 654px\" \/><\/a><\/div>\n<div><\/div>\n<div><\/div>\n<div><\/div>\n<\/div>\n<\/div>\n<\/div>\n<\/div>\n<\/div><\/section><\/p>\n","protected":false},"excerpt":{"rendered":"","protected":false},"author":4,"featured_media":0,"parent":1607,"menu_order":0,"comment_status":"closed","ping_status":"closed","template":"","meta":{"footnotes":"","schedule_terms":[]},"class_list":["post-1630","page","type-page","status-publish","hentry"],"_links":{"self":[{"href":"https:\/\/mottattom.org\/de\/wp-json\/wp\/v2\/pages\/1630","targetHints":{"allow":["GET"]}}],"collection":[{"href":"https:\/\/mottattom.org\/de\/wp-json\/wp\/v2\/pages"}],"about":[{"href":"https:\/\/mottattom.org\/de\/wp-json\/wp\/v2\/types\/page"}],"author":[{"embeddable":true,"href":"https:\/\/mottattom.org\/de\/wp-json\/wp\/v2\/users\/4"}],"replies":[{"embeddable":true,"href":"https:\/\/mottattom.org\/de\/wp-json\/wp\/v2\/comments?post=1630"}],"version-history":[{"count":22,"href":"https:\/\/mottattom.org\/de\/wp-json\/wp\/v2\/pages\/1630\/revisions"}],"predecessor-version":[{"id":7105,"href":"https:\/\/mottattom.org\/de\/wp-json\/wp\/v2\/pages\/1630\/revisions\/7105"}],"up":[{"embeddable":true,"href":"https:\/\/mottattom.org\/de\/wp-json\/wp\/v2\/pages\/1607"}],"wp:attachment":[{"href":"https:\/\/mottattom.org\/de\/wp-json\/wp\/v2\/media?parent=1630"}],"curies":[{"name":"wp","href":"https:\/\/api.w.org\/{rel}","templated":true}]}}