{"id":1607,"date":"2018-12-14T17:31:09","date_gmt":"2018-12-14T16:31:09","guid":{"rendered":"http:\/\/mottattom.org\/?page_id=1607\/"},"modified":"2022-05-06T08:49:51","modified_gmt":"2022-05-06T06:49:51","slug":"mine","status":"publish","type":"page","link":"https:\/\/mottattom.org\/de\/mine\/","title":{"rendered":"La Mine"},"content":{"rendered":"<section  class='av_textblock_section av-8zqp3l-f820ba914fde57c72d9d1a2ec7dfd1ad '   itemscope=\"itemscope\" itemtype=\"https:\/\/schema.org\/CreativeWork\" ><div class='avia_textblock'  itemprop=\"text\" ><h2><\/h2>\n<h2 style=\"text-align: center;\"><strong>MottAttoM, grande salle \u201cLa Mine\u201d<\/strong><\/h2>\n<h4 style=\"text-align: center;\">un studio de 400m2 pour vos r\u00e9p\u00e9titions, stages, tournages&#8230;.<\/h4>\n<\/div><\/section>\n<\/div><\/div><\/div><!-- close content main div --><\/div><\/div><div class='clear'><\/div><div id='sub_menu1'  class='av-submenu-container av-6yllfl-46004d6b16ad70fb5c34df2abe2cd4e0 main_color  avia-builder-el-1  el_after_av_textblock  el_before_av_textblock  av-sticky-submenu submenu-not-first container_wrap fullsize' style='z-index:301' ><div class='container av-menu-mobile-disabled av-submenu-pos-center'><ul id=\"menu-mine-allemand\" class=\"av-subnav-menu\" role=\"menu\"><li role=\"menuitem\" id=\"menu-item-4686\" class=\"menu-item menu-item-type-post_type menu-item-object-page menu-item-top-level menu-item-top-level-1\"><a href=\"https:\/\/mottattom.org\/de\/mine\/\" itemprop=\"url\" tabindex=\"0\"><span class=\"avia-bullet\"><\/span><span class=\"avia-menu-text\">La Mine<\/span><span class=\"avia-menu-fx\"><span class=\"avia-arrow-wrap\"><span class=\"avia-arrow\"><\/span><\/span><\/span><\/a><\/li>\n<li role=\"menuitem\" id=\"menu-item-4687\" class=\"menu-item menu-item-type-post_type menu-item-object-page menu-item-top-level menu-item-top-level-2\"><a href=\"https:\/\/mottattom.org\/de\/mine\/fiche-technique\/\" itemprop=\"url\" tabindex=\"0\"><span class=\"avia-bullet\"><\/span><span class=\"avia-menu-text\">Fiche technique<\/span><span class=\"avia-menu-fx\"><span class=\"avia-arrow-wrap\"><span class=\"avia-arrow\"><\/span><\/span><\/span><\/a><\/li>\n<li role=\"menuitem\" id=\"menu-item-4688\" class=\"menu-item menu-item-type-post_type menu-item-object-page menu-item-top-level menu-item-top-level-3\"><a href=\"https:\/\/mottattom.org\/de\/mine\/mine-photos\/\" itemprop=\"url\" tabindex=\"0\"><span class=\"avia-bullet\"><\/span><span class=\"avia-menu-text\">Photos<\/span><span class=\"avia-menu-fx\"><span class=\"avia-arrow-wrap\"><span class=\"avia-arrow\"><\/span><\/span><\/span><\/a><\/li>\n<li role=\"menuitem\" id=\"menu-item-7148\" class=\"menu-item menu-item-type-post_type menu-item-object-page menu-item-top-level menu-item-top-level-4\"><a href=\"https:\/\/mottattom.org\/de\/mine\/videos\/\" itemprop=\"url\" tabindex=\"0\"><span class=\"avia-bullet\"><\/span><span class=\"avia-menu-text\">Vid\u00e9os<\/span><span class=\"avia-menu-fx\"><span class=\"avia-arrow-wrap\"><span class=\"avia-arrow\"><\/span><\/span><\/span><\/a><\/li>\n<li role=\"menuitem\" id=\"menu-item-4689\" class=\"menu-item menu-item-type-post_type menu-item-object-page menu-item-top-level menu-item-top-level-5\"><a href=\"https:\/\/mottattom.org\/de\/mine\/mine-conditions\/\" itemprop=\"url\" tabindex=\"0\"><span class=\"avia-bullet\"><\/span><span class=\"avia-menu-text\">Conditions<\/span><span class=\"avia-menu-fx\"><span class=\"avia-arrow-wrap\"><span class=\"avia-arrow\"><\/span><\/span><\/span><\/a><\/li>\n<li role=\"menuitem\" id=\"menu-item-4690\" class=\"menu-item menu-item-type-post_type menu-item-object-page menu-item-top-level menu-item-top-level-6\"><a href=\"https:\/\/mottattom.org\/de\/mine\/mine-tarifs\/\" itemprop=\"url\" tabindex=\"0\"><span class=\"avia-bullet\"><\/span><span class=\"avia-menu-text\">Preise<\/span><span class=\"avia-menu-fx\"><span class=\"avia-arrow-wrap\"><span class=\"avia-arrow\"><\/span><\/span><\/span><\/a><\/li>\n<li role=\"menuitem\" id=\"menu-item-7149\" class=\"menu-item menu-item-type-post_type menu-item-object-page menu-item-top-level menu-item-top-level-7\"><a href=\"https:\/\/mottattom.org\/de\/mine\/agenda\/\" itemprop=\"url\" tabindex=\"0\"><span class=\"avia-bullet\"><\/span><span class=\"avia-menu-text\">Agenda und Reservierungen<\/span><span class=\"avia-menu-fx\"><span class=\"avia-arrow-wrap\"><span class=\"avia-arrow\"><\/span><\/span><\/span><\/a><\/li>\n<\/ul><\/div><\/div><div class='sticky_placeholder'><\/div><div id='after_submenu_1'  class='main_color av_default_container_wrap container_wrap fullsize'  ><div class='container av-section-cont-open' ><div class='template-page content  av-content-full alpha units'><div class='post-entry post-entry-type-page post-entry-1607'><div class='entry-content-wrapper clearfix'>\n<section  class='av_textblock_section av-2f590h-73873f103bac033d6cf1a1ca7b0c0e39 '   itemscope=\"itemscope\" itemtype=\"https:\/\/schema.org\/CreativeWork\" ><div class='avia_textblock'  itemprop=\"text\" ><h2><\/h2>\n<h2><u><strong>Pr\u00e9sentation<\/strong><\/u><\/h2>\n<p>Au premier \u00e9tage du b\u00e2timent occup\u00e9 par la F\u00e9d\u00e9ration MottAttoM, La Mine est une salle de 400m2\u00a0 propos\u00e9e pour des activit\u00e9s telles que r\u00e9p\u00e9titions, tournages, stages&#8230;<\/p>\n<p style=\"text-align: center;\"><span style=\"color: #800000;\"><strong>La salle n&#8217;est pas disponible pour la location \u00e0 dur\u00e9e ind\u00e9termin\u00e9e, la location \u00e0 l&#8217;heure, ou pour des activit\u00e9s publiques, politiques, religieuses.<\/strong><\/span><\/p>\n<table cellspacing=\"1\" cellpadding=\"1\">\n<tbody>\n<tr>\n<td><strong>Caract\u00e9ristiques<\/strong><\/td>\n<\/tr>\n<\/tbody>\n<\/table>\n<table cellspacing=\"1\" cellpadding=\"1\">\n<tbody>\n<tr>\n<td class=\"rteright\"><strong>Surface :<\/strong><\/td>\n<td>400m2<\/td>\n<\/tr>\n<tr>\n<td class=\"rteright\"><strong>Dimensions :\u00a0<\/strong><\/td>\n<td>20m x 20m (sans piliers)<\/td>\n<\/tr>\n<tr>\n<td class=\"rteright\"><strong>Hauteur :\u00a0<\/strong><\/td>\n<td>~5m<\/td>\n<\/tr>\n<\/tbody>\n<\/table>\n<p>L&#8217;enveloppe de la salle est ancienne et rudimentaire : baies vitr\u00e9es tr\u00e8s fines, toiture en t\u00f4le&#8230; D\u00e8s lors les \u00e9carts de temp\u00e9rature peuvent \u00eatre importants, et le silence n&#8217;est en g\u00e9n\u00e9ral pas possible (la t\u00f4le se dilate, est un terrain de jeux pour les corneilles et la pluie exprime ses plus belles symphonies&#8230;).<\/p>\n<p>La salle peut donc ne pas convenir \u00e0 certaines exigences&#8230;<\/p>\n<p>Une cuisine collective est \u00e0 disposition contre bons soins et partage respectueux.<\/p>\n<p style=\"text-align: center;\"><span style=\"color: #800000;\"><strong>L&#8217;utilisation de mat\u00e9riel technique, celui de la salle ou apport\u00e9 de l&#8217;ext\u00e9rieur, ainsi que l&#8217;appel \u00e0 des prestataires de service, sont soumises \u00e0 autorisation.<\/strong><\/span><\/p>\n<p>Un service technique est \u00e9galement disponible selon les besoins.<\/p>\n<p>Pour plus de d\u00e9tails :<\/p>\n<ul>\n<li><a href=\"https:\/\/mottattom.org\/de\/mine\/fiche-technique\/\">Fiche technique et plans<\/a><\/li>\n<li><a href=\"https:\/\/mottattom.org\/de\/mine\/mine-photos\/\">Photos<\/a><\/li>\n<li><a href=\"https:\/\/mottattom.org\/de\/mine\/mine-conditions\/\">Conditions<\/a><\/li>\n<li><a href=\"https:\/\/mottattom.org\/de\/mine\/mine-tarifs\/\">Tarifs<\/a><\/li>\n<li><a href=\"http:\/\/mottattom.org\/fr\/mine\/agenda\/\">AGENDA\u00a0<\/a>pour les disponibilit\u00e9s, et <a href=\"http:\/\/mottattom.org\/fr\/mine\/agenda\/#resa-form\">FORMULAIRE DE RESERVATION<\/a><\/li>\n<li><a href=\"http:\/\/www.google.ch\/maps\/place\/Association+F%C3%A9d%C3%A9ration+Mottattom\/@46.217083,6.1297621,17z\/data=!3m1!4b1!4m5!3m4!1s0x478c64c2a5f313bf:0x7c85702871495518!8m2!3d46.217083!4d6.1319508?hl=fr&amp;authuser=0\" target=\"_blank\" rel=\"noopener noreferrer\">Situation, acc\u00e8s\u00a0(google maps)<\/a><\/li>\n<\/ul>\n<\/div><\/section>\n","protected":false},"excerpt":{"rendered":"","protected":false},"author":4,"featured_media":0,"parent":0,"menu_order":0,"comment_status":"closed","ping_status":"closed","template":"","meta":{"footnotes":"","schedule_terms":[]},"class_list":["post-1607","page","type-page","status-publish","hentry"],"_links":{"self":[{"href":"https:\/\/mottattom.org\/de\/wp-json\/wp\/v2\/pages\/1607","targetHints":{"allow":["GET"]}}],"collection":[{"href":"https:\/\/mottattom.org\/de\/wp-json\/wp\/v2\/pages"}],"about":[{"href":"https:\/\/mottattom.org\/de\/wp-json\/wp\/v2\/types\/page"}],"author":[{"embeddable":true,"href":"https:\/\/mottattom.org\/de\/wp-json\/wp\/v2\/users\/4"}],"replies":[{"embeddable":true,"href":"https:\/\/mottattom.org\/de\/wp-json\/wp\/v2\/comments?post=1607"}],"version-history":[{"count":23,"href":"https:\/\/mottattom.org\/de\/wp-json\/wp\/v2\/pages\/1607\/revisions"}],"predecessor-version":[{"id":4832,"href":"https:\/\/mottattom.org\/de\/wp-json\/wp\/v2\/pages\/1607\/revisions\/4832"}],"wp:attachment":[{"href":"https:\/\/mottattom.org\/de\/wp-json\/wp\/v2\/media?parent=1607"}],"curies":[{"name":"wp","href":"https:\/\/api.w.org\/{rel}","templated":true}]}}